{"id":852,"date":"2024-10-26T21:00:45","date_gmt":"2024-10-26T19:00:45","guid":{"rendered":"https:\/\/frenchmex.love\/?page_id=852"},"modified":"2024-10-27T04:37:10","modified_gmt":"2024-10-27T02:37:10","slug":"choses-a-faire-sur-bordeaux","status":"publish","type":"page","link":"https:\/\/frenchmex.love\/es\/choses-a-faire-sur-bordeaux\/","title":{"rendered":"\u00bfQu\u00e9 hacer en Burdeos?"},"content":{"rendered":"<h1 class=\"wp-block-heading\">\u00bfQu\u00e9 hacer en Burdeos?<\/h1>\n\n\n\n<div class=\"wp-block-media-text is-stacked-on-mobile\"><figure class=\"wp-block-media-text__media\"><img loading=\"lazy\" decoding=\"async\" width=\"990\" height=\"660\" src=\"https:\/\/frenchmex.love\/wp-content\/uploads\/2024\/10\/miroir-d-eau-place-de-la-bourse-1.png\" alt=\"\" class=\"wp-image-931 size-full\" srcset=\"https:\/\/frenchmex.love\/wp-content\/uploads\/2024\/10\/miroir-d-eau-place-de-la-bourse-1.png 990w, https:\/\/frenchmex.love\/wp-content\/uploads\/2024\/10\/miroir-d-eau-place-de-la-bourse-1-300x200.png 300w, https:\/\/frenchmex.love\/wp-content\/uploads\/2024\/10\/miroir-d-eau-place-de-la-bourse-1-768x512.png 768w, https:\/\/frenchmex.love\/wp-content\/uploads\/2024\/10\/miroir-d-eau-place-de-la-bourse-1-18x12.png 18w\" sizes=\"auto, (max-width: 990px) 100vw, 990px\" \/><\/figure><div class=\"wp-block-media-text__content\">\n<h2 class=\"wp-block-heading\"><strong>Visitar la Place de la Bourse y el Miroir d\u2019Eau<\/strong><\/h2>\n\n\n\n<p>Este sitio emblem\u00e1tico de Bordeaux, declarado Patrimonio de la Humanidad por la UNESCO, es particularmente impresionante con el espejo de agua m\u00e1s grande del mundo. Ideal para fotos memorables, especialmente al atardecer.<\/p>\n<\/div><\/div>\n\n\n\n<div class=\"wp-block-media-text has-media-on-the-right is-stacked-on-mobile\"><div class=\"wp-block-media-text__content\">\n<h2 class=\"wp-block-heading\"><strong>Explorar la Cit\u00e9 du Vin<\/strong><\/h2>\n\n\n\n<p>Para los amantes del vino, este museo moderno es una visita obligada. Ofrece una inmersi\u00f3n en la historia del vino, con exposiciones interactivas y una degustaci\u00f3n en la cima del edificio con vistas al r\u00edo Garona.<\/p>\n<\/div><figure class=\"wp-block-media-text__media\"><img loading=\"lazy\" decoding=\"async\" width=\"1000\" height=\"751\" src=\"https:\/\/frenchmex.love\/wp-content\/uploads\/2024\/10\/la-cite-du-vin-bordeaux-14.jpg\" alt=\"\" class=\"wp-image-933 size-full\" srcset=\"https:\/\/frenchmex.love\/wp-content\/uploads\/2024\/10\/la-cite-du-vin-bordeaux-14.jpg 1000w, https:\/\/frenchmex.love\/wp-content\/uploads\/2024\/10\/la-cite-du-vin-bordeaux-14-300x225.jpg 300w, https:\/\/frenchmex.love\/wp-content\/uploads\/2024\/10\/la-cite-du-vin-bordeaux-14-768x577.jpg 768w, https:\/\/frenchmex.love\/wp-content\/uploads\/2024\/10\/la-cite-du-vin-bordeaux-14-16x12.jpg 16w\" sizes=\"auto, (max-width: 1000px) 100vw, 1000px\" \/><\/figure><\/div>\n\n\n\n<div class=\"wp-block-media-text is-stacked-on-mobile\"><figure class=\"wp-block-media-text__media\"><img loading=\"lazy\" decoding=\"async\" width=\"1024\" height=\"576\" src=\"https:\/\/frenchmex.love\/wp-content\/uploads\/2024\/10\/Les-quais-de-Bordeaux\u00a9Alexander-Demyanenko-stock.adobe_.com_.jpg-1024x576.webp\" alt=\"\" class=\"wp-image-934 size-full\" srcset=\"https:\/\/frenchmex.love\/wp-content\/uploads\/2024\/10\/Les-quais-de-Bordeaux\u00a9Alexander-Demyanenko-stock.adobe_.com_.jpg-1024x576.webp 1024w, https:\/\/frenchmex.love\/wp-content\/uploads\/2024\/10\/Les-quais-de-Bordeaux\u00a9Alexander-Demyanenko-stock.adobe_.com_.jpg-300x169.webp 300w, https:\/\/frenchmex.love\/wp-content\/uploads\/2024\/10\/Les-quais-de-Bordeaux\u00a9Alexander-Demyanenko-stock.adobe_.com_.jpg-768x432.webp 768w, https:\/\/frenchmex.love\/wp-content\/uploads\/2024\/10\/Les-quais-de-Bordeaux\u00a9Alexander-Demyanenko-stock.adobe_.com_.jpg-18x10.webp 18w, https:\/\/frenchmex.love\/wp-content\/uploads\/2024\/10\/Les-quais-de-Bordeaux\u00a9Alexander-Demyanenko-stock.adobe_.com_.jpg.webp 1422w\" sizes=\"auto, (max-width: 1024px) 100vw, 1024px\" \/><\/figure><div class=\"wp-block-media-text__content\">\n<h2 class=\"wp-block-heading\"><strong>Paseo por los muelles del Garona<\/strong><\/h2>\n\n\n\n<p>Disfruta de un paseo a lo largo de los muelles renovados de Bordeaux. Encontrar\u00e1s caf\u00e9s, restaurantes y una hermosa vista de los puentes de la ciudad. Un paseo agradable en bicicleta o a pie.<\/p>\n<\/div><\/div>\n\n\n\n<div class=\"wp-block-media-text has-media-on-the-right is-stacked-on-mobile\"><div class=\"wp-block-media-text__content\">\n<h2 class=\"wp-block-heading\"><strong>Visitar la Catedral de Saint-Andr\u00e9<\/strong><\/h2>\n\n\n\n<p>Este impresionante monumento g\u00f3tico es un lugar de culto ic\u00f3nico de Burdeos. Tambi\u00e9n puedes subir a la Torre Pey-Berland justo al lado para obtener una vista panor\u00e1mica de la ciudad.<\/p>\n<\/div><figure class=\"wp-block-media-text__media\"><img loading=\"lazy\" decoding=\"async\" width=\"1024\" height=\"576\" src=\"https:\/\/frenchmex.love\/wp-content\/uploads\/2024\/10\/3ae0bd8808db053499dbce171e0ba777.jpg-1024x576.webp\" alt=\"\" class=\"wp-image-935 size-full\" srcset=\"https:\/\/frenchmex.love\/wp-content\/uploads\/2024\/10\/3ae0bd8808db053499dbce171e0ba777.jpg-1024x576.webp 1024w, https:\/\/frenchmex.love\/wp-content\/uploads\/2024\/10\/3ae0bd8808db053499dbce171e0ba777.jpg-300x169.webp 300w, https:\/\/frenchmex.love\/wp-content\/uploads\/2024\/10\/3ae0bd8808db053499dbce171e0ba777.jpg-768x432.webp 768w, https:\/\/frenchmex.love\/wp-content\/uploads\/2024\/10\/3ae0bd8808db053499dbce171e0ba777.jpg-1536x864.webp 1536w, https:\/\/frenchmex.love\/wp-content\/uploads\/2024\/10\/3ae0bd8808db053499dbce171e0ba777.jpg-18x10.webp 18w, https:\/\/frenchmex.love\/wp-content\/uploads\/2024\/10\/3ae0bd8808db053499dbce171e0ba777.jpg.webp 1600w\" sizes=\"auto, (max-width: 1024px) 100vw, 1024px\" \/><\/figure><\/div>\n\n\n\n<div class=\"wp-block-media-text is-stacked-on-mobile\"><figure class=\"wp-block-media-text__media\"><img loading=\"lazy\" decoding=\"async\" width=\"1024\" height=\"576\" src=\"https:\/\/frenchmex.love\/wp-content\/uploads\/2024\/10\/Rue-Notre-Dame\u00a9Nicolas-Duffaure.jpg-1024x576.webp\" alt=\"\" class=\"wp-image-936 size-full\" srcset=\"https:\/\/frenchmex.love\/wp-content\/uploads\/2024\/10\/Rue-Notre-Dame\u00a9Nicolas-Duffaure.jpg-1024x576.webp 1024w, https:\/\/frenchmex.love\/wp-content\/uploads\/2024\/10\/Rue-Notre-Dame\u00a9Nicolas-Duffaure.jpg-300x169.webp 300w, https:\/\/frenchmex.love\/wp-content\/uploads\/2024\/10\/Rue-Notre-Dame\u00a9Nicolas-Duffaure.jpg-768x432.webp 768w, https:\/\/frenchmex.love\/wp-content\/uploads\/2024\/10\/Rue-Notre-Dame\u00a9Nicolas-Duffaure.jpg-18x10.webp 18w, https:\/\/frenchmex.love\/wp-content\/uploads\/2024\/10\/Rue-Notre-Dame\u00a9Nicolas-Duffaure.jpg.webp 1422w\" sizes=\"auto, (max-width: 1024px) 100vw, 1024px\" \/><\/figure><div class=\"wp-block-media-text__content\">\n<h2 class=\"wp-block-heading\"><strong>Descubrir el barrio de los Chartrons<\/strong><\/h2>\n\n\n\n<p>Antiguo barrio de comerciantes de vino, los Chartrons es hoy en d\u00eda una zona de moda con tiendas de antig\u00fcedades, galer\u00edas de arte y restaurantes. El mercado de los muelles, que se celebra los domingos, es un buen lugar para probar especialidades locales.<\/p>\n<\/div><\/div>\n\n\n\n<div class=\"wp-block-media-text has-media-on-the-right is-stacked-on-mobile\"><div class=\"wp-block-media-text__content\">\n<h2 class=\"wp-block-heading\"><strong>Degustar vinos en los vi\u00f1edos de Bordeaux<\/strong><\/h2>\n\n\n\n<p>Bordeaux es mundialmente famoso por sus vinos. Puedes organizar visitas a vi\u00f1edos y castillos, como los de Saint-\u00c9milion, M\u00e9doc o Pessac-L\u00e9ognan, para degustaciones e inmersiones en el arte de la viticultura.<\/p>\n<\/div><figure class=\"wp-block-media-text__media\"><img loading=\"lazy\" decoding=\"async\" width=\"1024\" height=\"683\" src=\"https:\/\/frenchmex.love\/wp-content\/uploads\/2024\/10\/saveurs-locales-week-end-oenologique-dans-les-vignobles-de-bordeaux-scaled-1-1024x683.jpg\" alt=\"\" class=\"wp-image-937 size-full\" srcset=\"https:\/\/frenchmex.love\/wp-content\/uploads\/2024\/10\/saveurs-locales-week-end-oenologique-dans-les-vignobles-de-bordeaux-scaled-1-1024x683.jpg 1024w, https:\/\/frenchmex.love\/wp-content\/uploads\/2024\/10\/saveurs-locales-week-end-oenologique-dans-les-vignobles-de-bordeaux-scaled-1-300x200.jpg 300w, https:\/\/frenchmex.love\/wp-content\/uploads\/2024\/10\/saveurs-locales-week-end-oenologique-dans-les-vignobles-de-bordeaux-scaled-1-768x512.jpg 768w, https:\/\/frenchmex.love\/wp-content\/uploads\/2024\/10\/saveurs-locales-week-end-oenologique-dans-les-vignobles-de-bordeaux-scaled-1-18x12.jpg 18w, https:\/\/frenchmex.love\/wp-content\/uploads\/2024\/10\/saveurs-locales-week-end-oenologique-dans-les-vignobles-de-bordeaux-scaled-1.jpg 1200w\" sizes=\"auto, (max-width: 1024px) 100vw, 1024px\" \/><\/figure><\/div>\n\n\n\n<div class=\"wp-block-media-text is-stacked-on-mobile\"><figure class=\"wp-block-media-text__media\"><img loading=\"lazy\" decoding=\"async\" width=\"1024\" height=\"576\" src=\"https:\/\/frenchmex.love\/wp-content\/uploads\/2024\/10\/musee-des-beaux-arts-bordeaux-centre-1024x576.jpg\" alt=\"\" class=\"wp-image-938 size-full\" srcset=\"https:\/\/frenchmex.love\/wp-content\/uploads\/2024\/10\/musee-des-beaux-arts-bordeaux-centre-1024x576.jpg 1024w, https:\/\/frenchmex.love\/wp-content\/uploads\/2024\/10\/musee-des-beaux-arts-bordeaux-centre-300x169.jpg 300w, https:\/\/frenchmex.love\/wp-content\/uploads\/2024\/10\/musee-des-beaux-arts-bordeaux-centre-768x432.jpg 768w, https:\/\/frenchmex.love\/wp-content\/uploads\/2024\/10\/musee-des-beaux-arts-bordeaux-centre-18x10.jpg 18w, https:\/\/frenchmex.love\/wp-content\/uploads\/2024\/10\/musee-des-beaux-arts-bordeaux-centre.jpg 1200w\" sizes=\"auto, (max-width: 1024px) 100vw, 1024px\" \/><\/figure><div class=\"wp-block-media-text__content\">\n<h2 class=\"wp-block-heading\"><strong>El Museo de Bellas Artes de Bordeaux<\/strong><\/h2>\n\n\n\n<p>Este museo alberga una variada colecci\u00f3n de pinturas y esculturas europeas del siglo XV al XX. Una visita imprescindible para los amantes del arte.<\/p>\n<\/div><\/div>\n\n\n\n<div class=\"wp-block-media-text has-media-on-the-right is-stacked-on-mobile\"><div class=\"wp-block-media-text__content\">\n<h2 class=\"wp-block-heading\"><strong>El Parc Bordelais<\/strong><\/h2>\n\n\n\n<p>Un gran parque urbano perfecto para una pausa en la naturaleza dentro de la ciudad. Con sus \u00e1rboles centenarios, lago y \u00e1reas de juegos para ni\u00f1os, es el lugar ideal para un paseo relajante.<\/p>\n<\/div><figure class=\"wp-block-media-text__media\"><img loading=\"lazy\" decoding=\"async\" width=\"1024\" height=\"683\" src=\"https:\/\/frenchmex.love\/wp-content\/uploads\/2024\/10\/adobestock-audreyzazie-parc-bordelais-1024x683.jpg\" alt=\"\" class=\"wp-image-939 size-full\" srcset=\"https:\/\/frenchmex.love\/wp-content\/uploads\/2024\/10\/adobestock-audreyzazie-parc-bordelais-1024x683.jpg 1024w, https:\/\/frenchmex.love\/wp-content\/uploads\/2024\/10\/adobestock-audreyzazie-parc-bordelais-300x200.jpg 300w, https:\/\/frenchmex.love\/wp-content\/uploads\/2024\/10\/adobestock-audreyzazie-parc-bordelais-768x512.jpg 768w, https:\/\/frenchmex.love\/wp-content\/uploads\/2024\/10\/adobestock-audreyzazie-parc-bordelais-1536x1024.jpg 1536w, https:\/\/frenchmex.love\/wp-content\/uploads\/2024\/10\/adobestock-audreyzazie-parc-bordelais-18x12.jpg 18w, https:\/\/frenchmex.love\/wp-content\/uploads\/2024\/10\/adobestock-audreyzazie-parc-bordelais.jpg 1600w\" sizes=\"auto, (max-width: 1024px) 100vw, 1024px\" \/><\/figure><\/div>\n\n\n\n<div class=\"wp-block-media-text is-stacked-on-mobile\"><figure class=\"wp-block-media-text__media\"><img loading=\"lazy\" decoding=\"async\" width=\"1024\" height=\"576\" src=\"https:\/\/frenchmex.love\/wp-content\/uploads\/2024\/10\/Place-Saint-Pierre\u00a9Nicolas-Duffaure-1024x576.jpg\" alt=\"\" class=\"wp-image-940 size-full\" srcset=\"https:\/\/frenchmex.love\/wp-content\/uploads\/2024\/10\/Place-Saint-Pierre\u00a9Nicolas-Duffaure-1024x576.jpg 1024w, https:\/\/frenchmex.love\/wp-content\/uploads\/2024\/10\/Place-Saint-Pierre\u00a9Nicolas-Duffaure-300x169.jpg 300w, https:\/\/frenchmex.love\/wp-content\/uploads\/2024\/10\/Place-Saint-Pierre\u00a9Nicolas-Duffaure-768x432.jpg 768w, https:\/\/frenchmex.love\/wp-content\/uploads\/2024\/10\/Place-Saint-Pierre\u00a9Nicolas-Duffaure-1536x864.jpg 1536w, https:\/\/frenchmex.love\/wp-content\/uploads\/2024\/10\/Place-Saint-Pierre\u00a9Nicolas-Duffaure-18x10.jpg 18w, https:\/\/frenchmex.love\/wp-content\/uploads\/2024\/10\/Place-Saint-Pierre\u00a9Nicolas-Duffaure.jpg 1920w\" sizes=\"auto, (max-width: 1024px) 100vw, 1024px\" \/><\/figure><div class=\"wp-block-media-text__content\">\n<h2 class=\"wp-block-heading\"><strong>Pasear por el barrio de Saint-Pierre<\/strong><\/h2>\n\n\n\n<p>El coraz\u00f3n hist\u00f3rico de Bordeaux, este barrio peatonal es un laberinto de calles empedradas con encantadoras plazas como la Place du Parlement y la Place Saint-Pierre. Perfecto para perderse en las callejuelas y descubrir peque\u00f1os caf\u00e9s y tiendas.<\/p>\n<\/div><\/div>\n\n\n\n<div class=\"wp-block-media-text has-media-on-the-right is-stacked-on-mobile\"><div class=\"wp-block-media-text__content\">\n<h2 class=\"wp-block-heading\"><strong>Probar los canel\u00e9s<\/strong><\/h2>\n\n\n\n<p>No te vayas de Burdeos sin probar esta especialidad local, un peque\u00f1o pastel caramelizado a base de ron y vainilla. Las mejores pasteler\u00edas de la ciudad los ofrecen, como La Toque Cuivr\u00e9e.<\/p>\n<\/div><figure class=\"wp-block-media-text__media\"><img loading=\"lazy\" decoding=\"async\" width=\"1024\" height=\"683\" src=\"https:\/\/frenchmex.love\/wp-content\/uploads\/2024\/10\/Canneles-Bordelais-1024x683.webp\" alt=\"\" class=\"wp-image-941 size-full\" srcset=\"https:\/\/frenchmex.love\/wp-content\/uploads\/2024\/10\/Canneles-Bordelais-1024x683.webp 1024w, https:\/\/frenchmex.love\/wp-content\/uploads\/2024\/10\/Canneles-Bordelais-300x200.webp 300w, https:\/\/frenchmex.love\/wp-content\/uploads\/2024\/10\/Canneles-Bordelais-768x512.webp 768w, https:\/\/frenchmex.love\/wp-content\/uploads\/2024\/10\/Canneles-Bordelais-18x12.webp 18w, https:\/\/frenchmex.love\/wp-content\/uploads\/2024\/10\/Canneles-Bordelais.webp 1200w\" sizes=\"auto, (max-width: 1024px) 100vw, 1024px\" \/><\/figure><\/div>","protected":false},"excerpt":{"rendered":"<p>Choses a faire sur Bordeaux Visiter la Place de la Bourse et le Miroir d\u2019Eau Ce site embl\u00e9matique de Bordeaux, class\u00e9 au patrimoine mondial de l\u2019UNESCO, est particuli\u00e8rement impressionnant avec le plus grand miroir d&rsquo;eau du monde. Id\u00e9al pour des photos m\u00e9morables, surtout au coucher du soleil. Explorer la Cit\u00e9 du Vin Pour les amateurs [&hellip;]<\/p>\n","protected":false},"author":2,"featured_media":0,"parent":0,"menu_order":0,"comment_status":"closed","ping_status":"closed","template":"","meta":{"_uag_custom_page_level_css":"","site-sidebar-layout":"default","site-content-layout":"","ast-site-content-layout":"default","site-content-style":"default","site-sidebar-style":"default","ast-global-header-display":"","ast-banner-title-visibility":"","ast-main-header-display":"","ast-hfb-above-header-display":"","ast-hfb-below-header-display":"","ast-hfb-mobile-header-display":"","site-post-title":"disabled","ast-breadcrumbs-content":"","ast-featured-img":"","footer-sml-layout":"","theme-transparent-header-meta":"","adv-header-id-meta":"","stick-header-meta":"","header-above-stick-meta":"","header-main-stick-meta":"","header-below-stick-meta":"","astra-migrate-meta-layouts":"set","ast-page-background-enabled":"default","ast-page-background-meta":{"desktop":{"background-color":"var(--ast-global-color-4)","background-image":"","background-repeat":"repeat","background-position":"center center","background-size":"auto","background-attachment":"scroll","background-type":"","background-media":"","overlay-type":"","overlay-color":"","overlay-opacity":"","overlay-gradient":""},"tablet":{"background-color":"","background-image":"","background-repeat":"repeat","background-position":"center center","background-size":"auto","background-attachment":"scroll","background-type":"","background-media":"","overlay-type":"","overlay-color":"","overlay-opacity":"","overlay-gradient":""},"mobile":{"background-color":"","background-image":"","background-repeat":"repeat","background-position":"center center","background-size":"auto","background-attachment":"scroll","background-type":"","background-media":"","overlay-type":"","overlay-color":"","overlay-opacity":"","overlay-gradient":""}},"ast-content-background-meta":{"desktop":{"background-color":"var(--ast-global-color-5)","background-image":"","background-repeat":"repeat","background-position":"center center","background-size":"auto","background-attachment":"scroll","background-type":"","background-media":"","overlay-type":"","overlay-color":"","overlay-opacity":"","overlay-gradient":""},"tablet":{"background-color":"var(--ast-global-color-5)","background-image":"","background-repeat":"repeat","background-position":"center center","background-size":"auto","background-attachment":"scroll","background-type":"","background-media":"","overlay-type":"","overlay-color":"","overlay-opacity":"","overlay-gradient":""},"mobile":{"background-color":"var(--ast-global-color-5)","background-image":"","background-repeat":"repeat","background-position":"center center","background-size":"auto","background-attachment":"scroll","background-type":"","background-media":"","overlay-type":"","overlay-color":"","overlay-opacity":"","overlay-gradient":""}},"ngg_post_thumbnail":0,"footnotes":""},"class_list":["post-852","page","type-page","status-publish","hentry"],"uagb_featured_image_src":{"full":false,"thumbnail":false,"medium":false,"medium_large":false,"large":false,"1536x1536":false,"2048x2048":false,"trp-custom-language-flag":false},"uagb_author_info":{"display_name":"Alexandre Nieto","author_link":"https:\/\/frenchmex.love\/es\/author\/alex\/"},"uagb_comment_info":0,"uagb_excerpt":"Choses a faire sur Bordeaux Visiter la Place de la Bourse et le Miroir d\u2019Eau Ce site embl\u00e9matique de Bordeaux, class\u00e9 au patrimoine mondial de l\u2019UNESCO, est particuli\u00e8rement impressionnant avec le plus grand miroir d&rsquo;eau du monde. Id\u00e9al pour des photos m\u00e9morables, surtout au coucher du soleil. Explorer la Cit\u00e9 du Vin Pour les amateurs&hellip;","_links":{"self":[{"href":"https:\/\/frenchmex.love\/es\/wp-json\/wp\/v2\/pages\/852","targetHints":{"allow":["GET"]}}],"collection":[{"href":"https:\/\/frenchmex.love\/es\/wp-json\/wp\/v2\/pages"}],"about":[{"href":"https:\/\/frenchmex.love\/es\/wp-json\/wp\/v2\/types\/page"}],"author":[{"embeddable":true,"href":"https:\/\/frenchmex.love\/es\/wp-json\/wp\/v2\/users\/2"}],"replies":[{"embeddable":true,"href":"https:\/\/frenchmex.love\/es\/wp-json\/wp\/v2\/comments?post=852"}],"version-history":[{"count":4,"href":"https:\/\/frenchmex.love\/es\/wp-json\/wp\/v2\/pages\/852\/revisions"}],"predecessor-version":[{"id":943,"href":"https:\/\/frenchmex.love\/es\/wp-json\/wp\/v2\/pages\/852\/revisions\/943"}],"wp:attachment":[{"href":"https:\/\/frenchmex.love\/es\/wp-json\/wp\/v2\/media?parent=852"}],"curies":[{"name":"wp","href":"https:\/\/api.w.org\/{rel}","templated":true}]}}