{"id":848,"date":"2024-10-26T20:54:17","date_gmt":"2024-10-26T18:54:17","guid":{"rendered":"https:\/\/frenchmex.love\/?page_id=848"},"modified":"2024-10-27T03:43:14","modified_gmt":"2024-10-27T01:43:14","slug":"choses-a-faire-sur-mon-beau-bassin-darcachon","status":"publish","type":"page","link":"https:\/\/frenchmex.love\/es\/choses-a-faire-sur-mon-beau-bassin-darcachon\/","title":{"rendered":"\u00bfQu\u00e9 hacer en Bassin d\u2019Arcachon?"},"content":{"rendered":"<h1 class=\"wp-block-heading\">\u00bfQu\u00e9 hacer en Bassin d\u2019Arcachon?<\/h1>\n\n\n\n<div class=\"wp-block-media-text is-stacked-on-mobile\"><figure class=\"wp-block-media-text__media\"><img loading=\"lazy\" decoding=\"async\" width=\"1000\" height=\"500\" src=\"https:\/\/frenchmex.love\/wp-content\/uploads\/2024\/10\/so-5ebd669b66a4bde478411500-ph0.jpg\" alt=\"\" class=\"wp-image-910 size-full\" srcset=\"https:\/\/frenchmex.love\/wp-content\/uploads\/2024\/10\/so-5ebd669b66a4bde478411500-ph0.jpg 1000w, https:\/\/frenchmex.love\/wp-content\/uploads\/2024\/10\/so-5ebd669b66a4bde478411500-ph0-300x150.jpg 300w, https:\/\/frenchmex.love\/wp-content\/uploads\/2024\/10\/so-5ebd669b66a4bde478411500-ph0-768x384.jpg 768w, https:\/\/frenchmex.love\/wp-content\/uploads\/2024\/10\/so-5ebd669b66a4bde478411500-ph0-18x9.jpg 18w\" sizes=\"auto, (max-width: 1000px) 100vw, 1000px\" \/><\/figure><div class=\"wp-block-media-text__content\">\n<h2 class=\"wp-block-heading\"><strong>Dune du Pilat<\/strong><\/h2>\n\n\n\n<p>Es la duna de arena m\u00e1s alta de Europa, ofreciendo una vista impresionante del oc\u00e9ano Atl\u00e1ntico, la cuenca de Arcachon y el bosque de las Landas. Es un lugar perfecto para un paseo o un picnic con un panorama excepcional.<\/p>\n<\/div><\/div>\n\n\n\n<div class=\"wp-block-media-text has-media-on-the-right is-stacked-on-mobile\"><div class=\"wp-block-media-text__content\">\n<h2 class=\"wp-block-heading\"><strong>\u00cele aux Oiseaux y las Cabanes Tchanqu\u00e9es<\/strong><\/h2>\n\n\n\n<p>Sube a bordo de un barco y descubre esta isla emblem\u00e1tica de la cuenca, con sus caba\u00f1as sobre pilotes que parecen flotar en el agua. La \u00cele aux Oiseaux es un lugar preservado, rico en fauna y paisajes impresionantes.<\/p>\n<\/div><figure class=\"wp-block-media-text__media\"><img loading=\"lazy\" decoding=\"async\" width=\"1024\" height=\"512\" src=\"https:\/\/frenchmex.love\/wp-content\/uploads\/2024\/10\/alain-vacheron-cabane-arcachon03-1920x960-1-1024x512.jpg\" alt=\"\" class=\"wp-image-911 size-full\" srcset=\"https:\/\/frenchmex.love\/wp-content\/uploads\/2024\/10\/alain-vacheron-cabane-arcachon03-1920x960-1-1024x512.jpg 1024w, https:\/\/frenchmex.love\/wp-content\/uploads\/2024\/10\/alain-vacheron-cabane-arcachon03-1920x960-1-300x150.jpg 300w, https:\/\/frenchmex.love\/wp-content\/uploads\/2024\/10\/alain-vacheron-cabane-arcachon03-1920x960-1-768x384.jpg 768w, https:\/\/frenchmex.love\/wp-content\/uploads\/2024\/10\/alain-vacheron-cabane-arcachon03-1920x960-1-1536x768.jpg 1536w, https:\/\/frenchmex.love\/wp-content\/uploads\/2024\/10\/alain-vacheron-cabane-arcachon03-1920x960-1-18x9.jpg 18w, https:\/\/frenchmex.love\/wp-content\/uploads\/2024\/10\/alain-vacheron-cabane-arcachon03-1920x960-1.jpg 1920w\" sizes=\"auto, (max-width: 1024px) 100vw, 1024px\" \/><\/figure><\/div>\n\n\n\n<div class=\"wp-block-media-text is-stacked-on-mobile\"><figure class=\"wp-block-media-text__media\"><img loading=\"lazy\" decoding=\"async\" width=\"1024\" height=\"510\" src=\"https:\/\/frenchmex.love\/wp-content\/uploads\/2024\/10\/villagesducapferretjpeg_6385d559926d1-1024x510.jpeg\" alt=\"\" class=\"wp-image-912 size-full\" srcset=\"https:\/\/frenchmex.love\/wp-content\/uploads\/2024\/10\/villagesducapferretjpeg_6385d559926d1-1024x510.jpeg 1024w, https:\/\/frenchmex.love\/wp-content\/uploads\/2024\/10\/villagesducapferretjpeg_6385d559926d1-300x150.jpeg 300w, https:\/\/frenchmex.love\/wp-content\/uploads\/2024\/10\/villagesducapferretjpeg_6385d559926d1-768x383.jpeg 768w, https:\/\/frenchmex.love\/wp-content\/uploads\/2024\/10\/villagesducapferretjpeg_6385d559926d1-1536x766.jpeg 1536w, https:\/\/frenchmex.love\/wp-content\/uploads\/2024\/10\/villagesducapferretjpeg_6385d559926d1-18x9.jpeg 18w, https:\/\/frenchmex.love\/wp-content\/uploads\/2024\/10\/villagesducapferretjpeg_6385d559926d1.jpeg 2000w\" sizes=\"auto, (max-width: 1024px) 100vw, 1024px\" \/><\/figure><div class=\"wp-block-media-text__content\">\n<h2 class=\"wp-block-heading\"><strong>Le Cap Ferret<\/strong><\/h2>\n\n\n\n<p>Cruza en barco hacia esta encantadora pen\u00ednsula. Aqu\u00ed encontrar\u00e1s playas salvajes, restaurantes de mariscos y pintorescos pueblos ostr\u00edcolas. No te pierdas el faro de Cap Ferret para una vista espectacular de toda la cuenca.<\/p>\n<\/div><\/div>\n\n\n\n<div class=\"wp-block-media-text has-media-on-the-right is-stacked-on-mobile\"><div class=\"wp-block-media-text__content\">\n<h2 class=\"wp-block-heading\"><strong>Los Puertos Ostr\u00edcolas<\/strong><\/h2>\n\n\n\n<p><strong>D<\/strong>Descubre los diferentes pueblos ostr\u00edcolas que rodean la cuenca, como Gujan-Mestras o Andernos-les-Bains. Degusta ostras directamente en las granjas ostr\u00edcolas, con una vista maravillosa al agua.<\/p>\n<\/div><figure class=\"wp-block-media-text__media\"><img loading=\"lazy\" decoding=\"async\" width=\"640\" height=\"360\" src=\"https:\/\/frenchmex.love\/wp-content\/uploads\/2024\/10\/port-ostricole-gujan-e1641312395165-640x360-1.jpg\" alt=\"\" class=\"wp-image-915 size-full\" srcset=\"https:\/\/frenchmex.love\/wp-content\/uploads\/2024\/10\/port-ostricole-gujan-e1641312395165-640x360-1.jpg 640w, https:\/\/frenchmex.love\/wp-content\/uploads\/2024\/10\/port-ostricole-gujan-e1641312395165-640x360-1-300x169.jpg 300w, https:\/\/frenchmex.love\/wp-content\/uploads\/2024\/10\/port-ostricole-gujan-e1641312395165-640x360-1-18x10.jpg 18w\" sizes=\"auto, (max-width: 640px) 100vw, 640px\" \/><\/figure><\/div>\n\n\n\n<div class=\"wp-block-media-text is-stacked-on-mobile\"><figure class=\"wp-block-media-text__media\"><img loading=\"lazy\" decoding=\"async\" width=\"1024\" height=\"538\" src=\"https:\/\/frenchmex.love\/wp-content\/uploads\/2024\/10\/lever-soleil-belvedere-arcachon-271-1024x538.jpg\" alt=\"\" class=\"wp-image-917 size-full\" srcset=\"https:\/\/frenchmex.love\/wp-content\/uploads\/2024\/10\/lever-soleil-belvedere-arcachon-271-1024x538.jpg 1024w, https:\/\/frenchmex.love\/wp-content\/uploads\/2024\/10\/lever-soleil-belvedere-arcachon-271-300x158.jpg 300w, https:\/\/frenchmex.love\/wp-content\/uploads\/2024\/10\/lever-soleil-belvedere-arcachon-271-768x403.jpg 768w, https:\/\/frenchmex.love\/wp-content\/uploads\/2024\/10\/lever-soleil-belvedere-arcachon-271-18x9.jpg 18w, https:\/\/frenchmex.love\/wp-content\/uploads\/2024\/10\/lever-soleil-belvedere-arcachon-271.jpg 1200w\" sizes=\"auto, (max-width: 1024px) 100vw, 1024px\" \/><\/figure><div class=\"wp-block-media-text__content\">\n<h2 class=\"wp-block-heading\"><strong>Observatorio Sainte-C\u00e9cile en Arcachon<\/strong><\/h2>\n\n\n\n<p>Sube a esta estructura met\u00e1lica para obtener una vista panor\u00e1mica de la ciudad de Arcachon y sus alrededores. Perfecto para una peque\u00f1a escapada rom\u00e1ntica en el coraz\u00f3n de la ciudad.<\/p>\n<\/div><\/div>\n\n\n\n<div class=\"wp-block-media-text has-media-on-the-right is-stacked-on-mobile\"><div class=\"wp-block-media-text__content\">\n<h2 class=\"wp-block-heading\"><strong>La Ville d\u2019Hiver en Arcachon<\/strong><\/h2>\n\n\n\n<p>Pasea por este barrio hist\u00f3rico de Arcachon, lleno de villas del siglo XIX con un estilo \u00fanico. Es un verdadero viaje al pasado con una arquitectura notable.<\/p>\n<\/div><figure class=\"wp-block-media-text__media\"><img loading=\"lazy\" decoding=\"async\" width=\"1024\" height=\"683\" src=\"https:\/\/frenchmex.love\/wp-content\/uploads\/2024\/10\/ville-dhiver-1-compresse-1024x683-1.jpg\" alt=\"\" class=\"wp-image-918 size-full\" srcset=\"https:\/\/frenchmex.love\/wp-content\/uploads\/2024\/10\/ville-dhiver-1-compresse-1024x683-1.jpg 1024w, https:\/\/frenchmex.love\/wp-content\/uploads\/2024\/10\/ville-dhiver-1-compresse-1024x683-1-300x200.jpg 300w, https:\/\/frenchmex.love\/wp-content\/uploads\/2024\/10\/ville-dhiver-1-compresse-1024x683-1-768x512.jpg 768w, https:\/\/frenchmex.love\/wp-content\/uploads\/2024\/10\/ville-dhiver-1-compresse-1024x683-1-18x12.jpg 18w\" sizes=\"auto, (max-width: 1024px) 100vw, 1024px\" \/><\/figure><\/div>\n\n\n\n<div class=\"wp-block-media-text is-stacked-on-mobile\"><figure class=\"wp-block-media-text__media\"><img loading=\"lazy\" decoding=\"async\" width=\"1000\" height=\"571\" src=\"https:\/\/frenchmex.love\/wp-content\/uploads\/2024\/10\/comment-acceder-a-la-reserve-naturelle-nationale-des-pres-sales-dares-et-de-lege-cap-ferret.jpeg\" alt=\"\" class=\"wp-image-919 size-full\" srcset=\"https:\/\/frenchmex.love\/wp-content\/uploads\/2024\/10\/comment-acceder-a-la-reserve-naturelle-nationale-des-pres-sales-dares-et-de-lege-cap-ferret.jpeg 1000w, https:\/\/frenchmex.love\/wp-content\/uploads\/2024\/10\/comment-acceder-a-la-reserve-naturelle-nationale-des-pres-sales-dares-et-de-lege-cap-ferret-300x171.jpeg 300w, https:\/\/frenchmex.love\/wp-content\/uploads\/2024\/10\/comment-acceder-a-la-reserve-naturelle-nationale-des-pres-sales-dares-et-de-lege-cap-ferret-768x439.jpeg 768w, https:\/\/frenchmex.love\/wp-content\/uploads\/2024\/10\/comment-acceder-a-la-reserve-naturelle-nationale-des-pres-sales-dares-et-de-lege-cap-ferret-18x10.jpeg 18w\" sizes=\"auto, (max-width: 1000px) 100vw, 1000px\" \/><\/figure><div class=\"wp-block-media-text__content\">\n<h2 class=\"wp-block-heading\"><strong>Reserva Natural de los Pr\u00e9s Sal\u00e9s<\/strong><\/h2>\n\n\n\n<p>Para los amantes de la naturaleza, este parque natural ofrece una variedad de aves y especies vegetales \u00fanicas. Ideal para un paseo tranquilo o una pausa relajante en un entorno pac\u00edfico.<\/p>\n<\/div><\/div>\n\n\n\n<div class=\"wp-block-media-text has-media-on-the-right is-stacked-on-mobile\"><div class=\"wp-block-media-text__content\">\n<h2 class=\"wp-block-heading\"><strong>Canoa o kayak a lo largo del Leyre<\/strong><\/h2>\n\n\n\n<p>Explora los peque\u00f1os r\u00edos y canales escondidos alrededor de la cuenca en canoa o kayak. Es una actividad divertida y relajante que te permitir\u00e1 descubrir rincones secretos y disfrutar de un momento de calma en el agua.<\/p>\n<\/div><figure class=\"wp-block-media-text__media\"><img loading=\"lazy\" decoding=\"async\" width=\"1024\" height=\"587\" src=\"https:\/\/frenchmex.love\/wp-content\/uploads\/2024\/10\/leyre-1-1024x587.jpg\" alt=\"\" class=\"wp-image-920 size-full\" srcset=\"https:\/\/frenchmex.love\/wp-content\/uploads\/2024\/10\/leyre-1-1024x587.jpg 1024w, https:\/\/frenchmex.love\/wp-content\/uploads\/2024\/10\/leyre-1-300x172.jpg 300w, https:\/\/frenchmex.love\/wp-content\/uploads\/2024\/10\/leyre-1-768x440.jpg 768w, https:\/\/frenchmex.love\/wp-content\/uploads\/2024\/10\/leyre-1-18x10.jpg 18w, https:\/\/frenchmex.love\/wp-content\/uploads\/2024\/10\/leyre-1.jpg 1400w\" sizes=\"auto, (max-width: 1024px) 100vw, 1024px\" \/><\/figure><\/div>\n\n\n\n<div class=\"wp-block-media-text is-stacked-on-mobile\"><figure class=\"wp-block-media-text__media\"><img loading=\"lazy\" decoding=\"async\" width=\"500\" height=\"333\" src=\"https:\/\/frenchmex.love\/wp-content\/uploads\/2024\/10\/DSC04865.jpg\" alt=\"\" class=\"wp-image-921 size-full\" srcset=\"https:\/\/frenchmex.love\/wp-content\/uploads\/2024\/10\/DSC04865.jpg 500w, https:\/\/frenchmex.love\/wp-content\/uploads\/2024\/10\/DSC04865-300x200.jpg 300w, https:\/\/frenchmex.love\/wp-content\/uploads\/2024\/10\/DSC04865-18x12.jpg 18w\" sizes=\"auto, (max-width: 500px) 100vw, 500px\" \/><\/figure><div class=\"wp-block-media-text__content\">\n<h2 class=\"wp-block-heading\"><strong>Parque Ornitol\u00f3gico del Teich<\/strong><\/h2>\n\n\n\n<p>Este parque es un para\u00edso para los amantes de las aves. Podr\u00e1s observar especies raras en su h\u00e1bitat natural. Es un lugar tranquilo y relajante para una caminata en plena naturaleza.<\/p>\n<\/div><\/div>\n\n\n\n<div class=\"wp-block-media-text has-media-on-the-right is-stacked-on-mobile\"><div class=\"wp-block-media-text__content\">\n<h2 class=\"wp-block-heading\"><strong>Surf en Biscarrosse<\/strong><\/h2>\n\n\n\n<p>Ubicada a unos 30 minutos de la cuenca de Arcachon, Biscarrosse es un destino popular para el surf. Sus playas ofrecen olas perfectas tanto para principiantes como para surfistas experimentados. Puedes tomar clases o alquilar equipo para disfrutar de las olas del oc\u00e9ano Atl\u00e1ntico en un entorno natural y preservado. Una actividad perfecta para los amantes de las emociones fuertes y los deportes acu\u00e1ticos.<br><\/p>\n<\/div><figure class=\"wp-block-media-text__media\"><img loading=\"lazy\" decoding=\"async\" width=\"630\" height=\"354\" src=\"https:\/\/frenchmex.love\/wp-content\/uploads\/2024\/10\/sejour-surf-biscarrosse-trip-adekua-8.jpg\" alt=\"\" class=\"wp-image-922 size-full\" srcset=\"https:\/\/frenchmex.love\/wp-content\/uploads\/2024\/10\/sejour-surf-biscarrosse-trip-adekua-8.jpg 630w, https:\/\/frenchmex.love\/wp-content\/uploads\/2024\/10\/sejour-surf-biscarrosse-trip-adekua-8-300x169.jpg 300w, https:\/\/frenchmex.love\/wp-content\/uploads\/2024\/10\/sejour-surf-biscarrosse-trip-adekua-8-18x10.jpg 18w\" sizes=\"auto, (max-width: 630px) 100vw, 630px\" \/><\/figure><\/div>","protected":false},"excerpt":{"rendered":"<p>Choses a faire Bassin d&rsquo;Arcachon Dune du Pilat C&rsquo;est la plus haute dune de sable d&rsquo;Europe, offrant une vue imprenable sur l&rsquo;oc\u00e9an Atlantique, le bassin d&rsquo;Arcachon, et la for\u00eat des Landes. Un endroit parfait pour une promenade ou un pique-nique avec un panorama exceptionnel. \u00cele aux Oiseaux et Cabanes Tchanqu\u00e9es Embarquez pour une excursion en [&hellip;]<\/p>\n","protected":false},"author":2,"featured_media":0,"parent":0,"menu_order":0,"comment_status":"closed","ping_status":"closed","template":"","meta":{"_uag_custom_page_level_css":"","site-sidebar-layout":"default","site-content-layout":"","ast-site-content-layout":"default","site-content-style":"default","site-sidebar-style":"default","ast-global-header-display":"","ast-banner-title-visibility":"","ast-main-header-display":"","ast-hfb-above-header-display":"","ast-hfb-below-header-display":"","ast-hfb-mobile-header-display":"","site-post-title":"disabled","ast-breadcrumbs-content":"","ast-featured-img":"","footer-sml-layout":"","theme-transparent-header-meta":"","adv-header-id-meta":"","stick-header-meta":"","header-above-stick-meta":"","header-main-stick-meta":"","header-below-stick-meta":"","astra-migrate-meta-layouts":"set","ast-page-background-enabled":"default","ast-page-background-meta":{"desktop":{"background-color":"var(--ast-global-color-4)","background-image":"","background-repeat":"repeat","background-position":"center center","background-size":"auto","background-attachment":"scroll","background-type":"","background-media":"","overlay-type":"","overlay-color":"","overlay-opacity":"","overlay-gradient":""},"tablet":{"background-color":"","background-image":"","background-repeat":"repeat","background-position":"center center","background-size":"auto","background-attachment":"scroll","background-type":"","background-media":"","overlay-type":"","overlay-color":"","overlay-opacity":"","overlay-gradient":""},"mobile":{"background-color":"","background-image":"","background-repeat":"repeat","background-position":"center center","background-size":"auto","background-attachment":"scroll","background-type":"","background-media":"","overlay-type":"","overlay-color":"","overlay-opacity":"","overlay-gradient":""}},"ast-content-background-meta":{"desktop":{"background-color":"var(--ast-global-color-5)","background-image":"","background-repeat":"repeat","background-position":"center center","background-size":"auto","background-attachment":"scroll","background-type":"","background-media":"","overlay-type":"","overlay-color":"","overlay-opacity":"","overlay-gradient":""},"tablet":{"background-color":"var(--ast-global-color-5)","background-image":"","background-repeat":"repeat","background-position":"center center","background-size":"auto","background-attachment":"scroll","background-type":"","background-media":"","overlay-type":"","overlay-color":"","overlay-opacity":"","overlay-gradient":""},"mobile":{"background-color":"var(--ast-global-color-5)","background-image":"","background-repeat":"repeat","background-position":"center center","background-size":"auto","background-attachment":"scroll","background-type":"","background-media":"","overlay-type":"","overlay-color":"","overlay-opacity":"","overlay-gradient":""}},"ngg_post_thumbnail":0,"footnotes":""},"class_list":["post-848","page","type-page","status-publish","hentry"],"uagb_featured_image_src":{"full":false,"thumbnail":false,"medium":false,"medium_large":false,"large":false,"1536x1536":false,"2048x2048":false,"trp-custom-language-flag":false},"uagb_author_info":{"display_name":"Alexandre Nieto","author_link":"https:\/\/frenchmex.love\/es\/author\/alex\/"},"uagb_comment_info":0,"uagb_excerpt":"Choses a faire Bassin d&rsquo;Arcachon Dune du Pilat C&rsquo;est la plus haute dune de sable d&rsquo;Europe, offrant une vue imprenable sur l&rsquo;oc\u00e9an Atlantique, le bassin d&rsquo;Arcachon, et la for\u00eat des Landes. Un endroit parfait pour une promenade ou un pique-nique avec un panorama exceptionnel. \u00cele aux Oiseaux et Cabanes Tchanqu\u00e9es Embarquez pour une excursion en&hellip;","_links":{"self":[{"href":"https:\/\/frenchmex.love\/es\/wp-json\/wp\/v2\/pages\/848","targetHints":{"allow":["GET"]}}],"collection":[{"href":"https:\/\/frenchmex.love\/es\/wp-json\/wp\/v2\/pages"}],"about":[{"href":"https:\/\/frenchmex.love\/es\/wp-json\/wp\/v2\/types\/page"}],"author":[{"embeddable":true,"href":"https:\/\/frenchmex.love\/es\/wp-json\/wp\/v2\/users\/2"}],"replies":[{"embeddable":true,"href":"https:\/\/frenchmex.love\/es\/wp-json\/wp\/v2\/comments?post=848"}],"version-history":[{"count":8,"href":"https:\/\/frenchmex.love\/es\/wp-json\/wp\/v2\/pages\/848\/revisions"}],"predecessor-version":[{"id":923,"href":"https:\/\/frenchmex.love\/es\/wp-json\/wp\/v2\/pages\/848\/revisions\/923"}],"wp:attachment":[{"href":"https:\/\/frenchmex.love\/es\/wp-json\/wp\/v2\/media?parent=848"}],"curies":[{"name":"wp","href":"https:\/\/api.w.org\/{rel}","templated":true}]}}