{"id":804,"date":"2024-10-18T05:04:51","date_gmt":"2024-10-18T03:04:51","guid":{"rendered":"https:\/\/frenchmex.love\/?page_id=804"},"modified":"2024-11-12T04:59:29","modified_gmt":"2024-11-12T02:59:29","slug":"la-mariee","status":"publish","type":"page","link":"https:\/\/frenchmex.love\/es\/la-mariee\/","title":{"rendered":"\ud83d\udc70\ud83c\udffb\u200d\u2640\ufe0f La Novia"},"content":{"rendered":"<h1 class=\"wp-block-heading\">La novia<\/h1>\n\n\n\n<div class=\"wp-block-cp-timeline-content-timeline Cool-Content-Timeline\"><div class=\"cool-timeline-block-8317f696-1c39-4c84-a53a-89928e02f435\"><style>.cool-timeline-block-8317f696-1c39-4c84-a53a-89928e02f435 .cool-vertical-timeline-body{--ctlb-head-font-size: 24px;--ctlb-head-font-family: Dancing Script;--ctlb-head-font-weight: 700;--ctlb-head-font-subset: latin;--ctlb-sub-head-font-size: 18px;--ctlb-sub-head-font-family: Dancing Script;--ctlb-sub-head-font-weight: 400;--ctlb-sub-head-font-subset: latin;--ctlb-line-color: #1b9c85;--ctlb-icon-bg: #1b9c85;--ctlb-story-border-color: #1b9c85;}<\/style><div class=\"cool-vertical-timeline-body ctlb-wrapper one-sided left\"><div class=\"cool-timeline-block-list\">\n<div class=\"wp-block-cp-timeline-content-timeline-child swiper-slide\"><div class=\"timeline-content icon-false\"><div class=\"timeline-block-timeline ctl-row  position-right\"><div class=\"ctl-6 timeline-block-time\"><div class=\"story-time\"><p>Apr, 1991<\/p><\/div><\/div><div class=\"timeline-block-icon\"><svg stroke=\"currentColor\" fill=\"currentColor\" stroke-width=\"0\" viewbox=\"0 0 512 512\" height=\"1em\" width=\"1em\" xmlns=\"http:\/\/www.w3.org\/2000\/svg\"><path d=\"M256 8C119 8 8 119 8 256s111 248 248 248 248-111 248-248S393 8 256 8z\"><\/path><\/svg><\/div><div class=\"ctl-6 timeline-block-detail\"><div class=\"story-details\"><div class=\"story-content\">\n<figure class=\"wp-block-image size-full ctlb-block-image\"><img loading=\"lazy\" decoding=\"async\" width=\"719\" height=\"539\" src=\"https:\/\/frenchmex.love\/wp-content\/uploads\/2024\/10\/WhatsApp-Image-2024-10-29-at-6.44.23-PM-1-edited-1.jpeg\" alt=\"\" class=\"wp-image-954\" srcset=\"https:\/\/frenchmex.love\/wp-content\/uploads\/2024\/10\/WhatsApp-Image-2024-10-29-at-6.44.23-PM-1-edited-1.jpeg 719w, https:\/\/frenchmex.love\/wp-content\/uploads\/2024\/10\/WhatsApp-Image-2024-10-29-at-6.44.23-PM-1-edited-1-300x225.jpeg 300w, https:\/\/frenchmex.love\/wp-content\/uploads\/2024\/10\/WhatsApp-Image-2024-10-29-at-6.44.23-PM-1-edited-1-16x12.jpeg 16w\" sizes=\"auto, (max-width: 719px) 100vw, 719px\" \/><\/figure>\n\n\n\n<h3 class=\"wp-block-heading ctlb-block-title\" style=\"padding-top:0px;padding-right:0px;padding-bottom:0px;padding-left:0px\"><strong>La primera de muchas victorias<\/strong><\/h3>\n\n\n\n<p class=\"ctlb-block-desc\" style=\"padding-top:0px;padding-right:0px;padding-bottom:0px;padding-left:0px\">En esta primera foto, con solo un a\u00f1o, ya se ve mi primera gran victoria: \u00a1llegar a este mundo! Como la tercera de tres hermanos, fui un desaf\u00edo y un regalo al mismo tiempo. Mis padres y yo apostamos por la vida y aqu\u00ed estamos, viviendo un viaje lleno de amor, fortaleza y un mont\u00f3n de aprendizajes.<\/p>\n<\/div><\/div><\/div><\/div><\/div><\/div>\n\n\n\n<div class=\"wp-block-cp-timeline-content-timeline-child swiper-slide\"><div class=\"timeline-content icon-false\"><div class=\"timeline-block-timeline ctl-row  position-left\"><div class=\"ctl-6 timeline-block-time\"><div class=\"story-time\"><p>Jul, 1996<\/p><\/div><\/div><div class=\"timeline-block-icon\"><svg stroke=\"currentColor\" fill=\"currentColor\" stroke-width=\"0\" viewbox=\"0 0 512 512\" height=\"1em\" width=\"1em\" xmlns=\"http:\/\/www.w3.org\/2000\/svg\"><path d=\"M256 8C119 8 8 119 8 256s111 248 248 248 248-111 248-248S393 8 256 8z\"><\/path><\/svg><\/div><div class=\"ctl-6 timeline-block-detail\"><div class=\"story-details\"><div class=\"story-content\">\n<figure class=\"wp-block-image size-large ctlb-block-image\"><img loading=\"lazy\" decoding=\"async\" width=\"700\" height=\"700\" src=\"https:\/\/frenchmex.love\/wp-content\/uploads\/2024\/10\/WhatsApp-Image-2024-10-29-at-6.44.24-PM-edited-1.jpeg\" alt=\"\" class=\"wp-image-957\" srcset=\"https:\/\/frenchmex.love\/wp-content\/uploads\/2024\/10\/WhatsApp-Image-2024-10-29-at-6.44.24-PM-edited-1.jpeg 700w, https:\/\/frenchmex.love\/wp-content\/uploads\/2024\/10\/WhatsApp-Image-2024-10-29-at-6.44.24-PM-edited-1-300x300.jpeg 300w, https:\/\/frenchmex.love\/wp-content\/uploads\/2024\/10\/WhatsApp-Image-2024-10-29-at-6.44.24-PM-edited-1-150x150.jpeg 150w, https:\/\/frenchmex.love\/wp-content\/uploads\/2024\/10\/WhatsApp-Image-2024-10-29-at-6.44.24-PM-edited-1-12x12.jpeg 12w\" sizes=\"auto, (max-width: 700px) 100vw, 700px\" \/><\/figure>\n\n\n\n<h3 class=\"wp-block-heading ctlb-block-title\" style=\"padding-top:0px;padding-right:0px;padding-bottom:0px;padding-left:0px\"><strong>Peque\u00f1a graduada, grandes sue\u00f1os<\/strong><\/h3>\n\n\n\n<p class=\"ctlb-block-desc\" style=\"padding-top:0px;padding-right:0px;padding-bottom:0px;padding-left:0px\">\u00a1Esta es mi foto de graduaci\u00f3n del kinder, donde ya me sent\u00eda lista para conquistar el mundo! Ir a la escuela era lo mejor, desde cantar canciones hasta las manualidades que siempre terminaban con pegamento en el cabello. \u00a1Fue el inicio de una vida llena de descubrimientos y risas!<\/p>\n<\/div><\/div><\/div><\/div><\/div><\/div>\n\n\n\n<div class=\"wp-block-cp-timeline-content-timeline-child swiper-slide\"><div class=\"timeline-content icon-false\"><div class=\"timeline-block-timeline ctl-row  position-right\"><div class=\"ctl-6 timeline-block-time\"><div class=\"story-time\"><p>Apr, 1997<\/p><\/div><\/div><div class=\"timeline-block-icon\"><svg stroke=\"currentColor\" fill=\"currentColor\" stroke-width=\"0\" viewbox=\"0 0 512 512\" height=\"1em\" width=\"1em\" xmlns=\"http:\/\/www.w3.org\/2000\/svg\"><path d=\"M256 8C119 8 8 119 8 256s111 248 248 248 248-111 248-248S393 8 256 8z\"><\/path><\/svg><\/div><div class=\"ctl-6 timeline-block-detail\"><div class=\"story-details\"><div class=\"story-content\">\n<figure class=\"wp-block-image size-full ctlb-block-image\"><img loading=\"lazy\" decoding=\"async\" width=\"863\" height=\"575\" src=\"https:\/\/frenchmex.love\/wp-content\/uploads\/2024\/11\/WhatsApp-Image-2024-11-04-at-10.11.58-PM-edited-1.jpeg\" alt=\"\" class=\"wp-image-960\" srcset=\"https:\/\/frenchmex.love\/wp-content\/uploads\/2024\/11\/WhatsApp-Image-2024-11-04-at-10.11.58-PM-edited-1.jpeg 863w, https:\/\/frenchmex.love\/wp-content\/uploads\/2024\/11\/WhatsApp-Image-2024-11-04-at-10.11.58-PM-edited-1-300x200.jpeg 300w, https:\/\/frenchmex.love\/wp-content\/uploads\/2024\/11\/WhatsApp-Image-2024-11-04-at-10.11.58-PM-edited-1-768x512.jpeg 768w, https:\/\/frenchmex.love\/wp-content\/uploads\/2024\/11\/WhatsApp-Image-2024-11-04-at-10.11.58-PM-edited-1-18x12.jpeg 18w\" sizes=\"auto, (max-width: 863px) 100vw, 863px\" \/><\/figure>\n\n\n\n<h3 class=\"wp-block-heading ctlb-block-title\" style=\"padding-top:0px;padding-right:0px;padding-bottom:0px;padding-left:0px\"><strong>Un diente menos, un amigo m\u00e1s<\/strong><\/h3>\n\n\n\n<p class=\"ctlb-block-desc\" style=\"padding-top:0px;padding-right:0px;padding-bottom:0px;padding-left:0px\">En esta foto, perd\u00ed mi primer diente de leche. Adem\u00e1s, junto con mis hermanos, dimos la bienvenida a un nuevo miembro peludo en la familia, quien con su ternura y energ\u00eda, \u00a1se gan\u00f3 nuestro cari\u00f1o al instante! La vida a veces te quita, pero siempre te trae algo a\u00fan mejor para llenar ese huequito.<\/p>\n<\/div><\/div><\/div><\/div><\/div><\/div>\n\n\n\n<div class=\"wp-block-cp-timeline-content-timeline-child swiper-slide\"><div class=\"timeline-content icon-false\"><div class=\"timeline-block-timeline ctl-row  position-left\"><div class=\"ctl-6 timeline-block-time\"><div class=\"story-time\"><p>Jul, 2009<\/p><\/div><\/div><div class=\"timeline-block-icon\"><svg stroke=\"currentColor\" fill=\"currentColor\" stroke-width=\"0\" viewbox=\"0 0 512 512\" height=\"1em\" width=\"1em\" xmlns=\"http:\/\/www.w3.org\/2000\/svg\"><path d=\"M256 8C119 8 8 119 8 256s111 248 248 248 248-111 248-248S393 8 256 8z\"><\/path><\/svg><\/div><div class=\"ctl-6 timeline-block-detail\"><div class=\"story-details\"><div class=\"story-content\">\n<figure class=\"wp-block-image size-full ctlb-block-image\"><img loading=\"lazy\" decoding=\"async\" width=\"1183\" height=\"863\" src=\"https:\/\/frenchmex.love\/wp-content\/uploads\/2024\/11\/WhatsApp-Image-2024-11-05-at-10.36.51-PM.jpeg\" alt=\"\" class=\"wp-image-978\" srcset=\"https:\/\/frenchmex.love\/wp-content\/uploads\/2024\/11\/WhatsApp-Image-2024-11-05-at-10.36.51-PM.jpeg 1183w, https:\/\/frenchmex.love\/wp-content\/uploads\/2024\/11\/WhatsApp-Image-2024-11-05-at-10.36.51-PM-300x219.jpeg 300w, https:\/\/frenchmex.love\/wp-content\/uploads\/2024\/11\/WhatsApp-Image-2024-11-05-at-10.36.51-PM-1024x747.jpeg 1024w, https:\/\/frenchmex.love\/wp-content\/uploads\/2024\/11\/WhatsApp-Image-2024-11-05-at-10.36.51-PM-768x560.jpeg 768w, https:\/\/frenchmex.love\/wp-content\/uploads\/2024\/11\/WhatsApp-Image-2024-11-05-at-10.36.51-PM-16x12.jpeg 16w\" sizes=\"auto, (max-width: 1183px) 100vw, 1183px\" \/><\/figure>\n\n\n\n<h3 class=\"wp-block-heading ctlb-block-title\" style=\"padding-top:0px;padding-right:0px;padding-bottom:0px;padding-left:0px\"><strong>Dias de secundaria<\/strong><\/h3>\n\n\n\n<p class=\"ctlb-block-desc\" style=\"padding-top:0px;padding-right:0px;padding-bottom:0px;padding-left:0px\">El grupo de 3ro D, s\u00ed, el del taller de secretariado, estuvo lleno de historias que a\u00fan me sacan una sonrisa. Amistades que se forjaron entre risas y metidas de pata, quedando inmortalizadas como aquellos mensajes de despedida en la playera de educaci\u00f3n f\u00edsica que dec\u00edan \u201cnunca cambies\u201c.<\/p>\n<\/div><\/div><\/div><\/div><\/div><\/div>\n\n\n\n<div class=\"wp-block-cp-timeline-content-timeline-child swiper-slide\"><div class=\"timeline-content icon-false\"><div class=\"timeline-block-timeline ctl-row  position-right\"><div class=\"ctl-6 timeline-block-time\"><div class=\"story-time\"><p>Jun, 2013<\/p><\/div><\/div><div class=\"timeline-block-icon\"><svg stroke=\"currentColor\" fill=\"currentColor\" stroke-width=\"0\" viewbox=\"0 0 512 512\" height=\"1em\" width=\"1em\" xmlns=\"http:\/\/www.w3.org\/2000\/svg\"><path d=\"M256 8C119 8 8 119 8 256s111 248 248 248 248-111 248-248S393 8 256 8z\"><\/path><\/svg><\/div><div class=\"ctl-6 timeline-block-detail\"><div class=\"story-details\"><div class=\"story-content\">\n<figure class=\"wp-block-image size-full ctlb-block-image\"><img loading=\"lazy\" decoding=\"async\" width=\"720\" height=\"720\" src=\"https:\/\/frenchmex.love\/wp-content\/uploads\/2024\/11\/WhatsApp-Image-2024-11-04-at-10.39.21-PM.jpeg\" alt=\"\" class=\"wp-image-968\" srcset=\"https:\/\/frenchmex.love\/wp-content\/uploads\/2024\/11\/WhatsApp-Image-2024-11-04-at-10.39.21-PM.jpeg 720w, https:\/\/frenchmex.love\/wp-content\/uploads\/2024\/11\/WhatsApp-Image-2024-11-04-at-10.39.21-PM-300x300.jpeg 300w, https:\/\/frenchmex.love\/wp-content\/uploads\/2024\/11\/WhatsApp-Image-2024-11-04-at-10.39.21-PM-150x150.jpeg 150w, https:\/\/frenchmex.love\/wp-content\/uploads\/2024\/11\/WhatsApp-Image-2024-11-04-at-10.39.21-PM-12x12.jpeg 12w\" sizes=\"auto, (max-width: 720px) 100vw, 720px\" \/><\/figure>\n\n\n\n<h3 class=\"wp-block-heading ctlb-block-title\" style=\"padding-top:0px;padding-right:0px;padding-bottom:0px;padding-left:0px\"><strong>El viaje contin\u00faa...<\/strong><\/h3>\n\n\n\n<p class=\"ctlb-block-desc\" style=\"padding-top:0px;padding-right:0px;padding-bottom:0px;padding-left:0px\">\u00a1Aqu\u00ed la Contadora P\u00fablica m\u00e1s feliz! Agradecida por haber formado parte de esta incre\u00edble instituci\u00f3n, la misma que me regal\u00f3 maestros, amigos y ense\u00f1anzas que me acompa\u00f1an hasta hoy. Cada experiencia vivida all\u00ed dej\u00f3 una huella que sigo llevando conmigo.<\/p>\n<\/div><\/div><\/div><\/div><\/div><\/div>\n\n\n\n<div class=\"wp-block-cp-timeline-content-timeline-child swiper-slide\"><div class=\"timeline-content icon-false\"><div class=\"timeline-block-timeline ctl-row  position-left\"><div class=\"ctl-6 timeline-block-time\"><div class=\"story-time\"><p>Jun, 2017<\/p><\/div><\/div><div class=\"timeline-block-icon\"><svg stroke=\"currentColor\" fill=\"currentColor\" stroke-width=\"0\" viewbox=\"0 0 512 512\" height=\"1em\" width=\"1em\" xmlns=\"http:\/\/www.w3.org\/2000\/svg\"><path d=\"M256 8C119 8 8 119 8 256s111 248 248 248 248-111 248-248S393 8 256 8z\"><\/path><\/svg><\/div><div class=\"ctl-6 timeline-block-detail\"><div class=\"story-details\"><div class=\"story-content\">\n<figure class=\"wp-block-image size-large ctlb-block-image\"><img loading=\"lazy\" decoding=\"async\" width=\"1024\" height=\"576\" src=\"https:\/\/frenchmex.love\/wp-content\/uploads\/2024\/11\/WhatsApp-Image-2024-11-04-at-10.48.03-PM-1024x576.jpeg\" alt=\"\" class=\"wp-image-971\" style=\"aspect-ratio:4\/3;object-fit:cover\" srcset=\"https:\/\/frenchmex.love\/wp-content\/uploads\/2024\/11\/WhatsApp-Image-2024-11-04-at-10.48.03-PM-1024x576.jpeg 1024w, https:\/\/frenchmex.love\/wp-content\/uploads\/2024\/11\/WhatsApp-Image-2024-11-04-at-10.48.03-PM-300x169.jpeg 300w, https:\/\/frenchmex.love\/wp-content\/uploads\/2024\/11\/WhatsApp-Image-2024-11-04-at-10.48.03-PM-768x432.jpeg 768w, https:\/\/frenchmex.love\/wp-content\/uploads\/2024\/11\/WhatsApp-Image-2024-11-04-at-10.48.03-PM-18x10.jpeg 18w, https:\/\/frenchmex.love\/wp-content\/uploads\/2024\/11\/WhatsApp-Image-2024-11-04-at-10.48.03-PM.jpeg 1080w\" sizes=\"auto, (max-width: 1024px) 100vw, 1024px\" \/><\/figure>\n\n\n\n<h3 class=\"wp-block-heading ctlb-block-title\" style=\"padding-top:0px;padding-right:0px;padding-bottom:0px;padding-left:0px\"><strong>Salto de canguro<\/strong><\/h3>\n\n\n\n<p class=\"ctlb-block-desc\" style=\"padding-top:0px;padding-right:0px;padding-bottom:0px;padding-left:0px\">La foto que representa uno de los saltos m\u00e1s largos e importantes de mi vida, ese salto que cambi\u00f3 el rumbo de todo. Decid\u00ed poner una pausa a los n\u00fameros y sumergirme en el idioma de los canguros. M\u00e1s que aprender un nuevo idioma, Australia me ense\u00f1\u00f3 que los l\u00edmites son mentales, y que, cuando menos lo esperas, llegan las experiencias, los viajes y las personas que hacen que la vida sea mucho m\u00e1s bonita.<\/p>\n<\/div><\/div><\/div><\/div><\/div><\/div>\n\n\n\n<div class=\"wp-block-cp-timeline-content-timeline-child swiper-slide\"><div class=\"timeline-content icon-false\"><div class=\"timeline-block-timeline ctl-row  position-left\"><div class=\"ctl-6 timeline-block-time\"><div class=\"story-time\"><p>Feb, 2022<\/p><\/div><\/div><div class=\"timeline-block-icon\"><svg stroke=\"currentColor\" fill=\"currentColor\" stroke-width=\"0\" viewbox=\"0 0 512 512\" height=\"1em\" width=\"1em\" xmlns=\"http:\/\/www.w3.org\/2000\/svg\"><path d=\"M256 8C119 8 8 119 8 256s111 248 248 248 248-111 248-248S393 8 256 8z\"><\/path><\/svg><\/div><div class=\"ctl-6 timeline-block-detail\"><div class=\"story-details\"><div class=\"story-content\">\n<figure class=\"wp-block-image size-large ctlb-block-image\"><img loading=\"lazy\" decoding=\"async\" width=\"1536\" height=\"1536\" src=\"https:\/\/frenchmex.love\/wp-content\/uploads\/2024\/11\/WhatsApp-Image-2024-11-04-at-10.54.57-PM-edited.jpeg\" alt=\"\" class=\"wp-image-973\" srcset=\"https:\/\/frenchmex.love\/wp-content\/uploads\/2024\/11\/WhatsApp-Image-2024-11-04-at-10.54.57-PM-edited.jpeg 1536w, https:\/\/frenchmex.love\/wp-content\/uploads\/2024\/11\/WhatsApp-Image-2024-11-04-at-10.54.57-PM-edited-300x300.jpeg 300w, https:\/\/frenchmex.love\/wp-content\/uploads\/2024\/11\/WhatsApp-Image-2024-11-04-at-10.54.57-PM-edited-1024x1024.jpeg 1024w, https:\/\/frenchmex.love\/wp-content\/uploads\/2024\/11\/WhatsApp-Image-2024-11-04-at-10.54.57-PM-edited-150x150.jpeg 150w, https:\/\/frenchmex.love\/wp-content\/uploads\/2024\/11\/WhatsApp-Image-2024-11-04-at-10.54.57-PM-edited-768x768.jpeg 768w, https:\/\/frenchmex.love\/wp-content\/uploads\/2024\/11\/WhatsApp-Image-2024-11-04-at-10.54.57-PM-edited-12x12.jpeg 12w\" sizes=\"auto, (max-width: 1536px) 100vw, 1536px\" \/><\/figure>\n\n\n\n<h3 class=\"wp-block-heading ctlb-block-title\" style=\"padding-top:0px;padding-right:0px;padding-bottom:0px;padding-left:0px\"><strong>Experiencia con sabor a miel de Maple<\/strong><\/h3>\n\n\n\n<p class=\"ctlb-block-desc\" style=\"padding-top:0px;padding-right:0px;padding-bottom:0px;padding-left:0px\">\u00bfQui\u00e9n hubiera imaginado cambiar un clima de 30 \u00b0C grados por otro con el mismo n\u00famero, pero en negativo? Atreverse a dar ese paso fue para valientes, y nada de esto hubiera sido posible sin mi compa\u00f1ero de viaje. Canad\u00e1, hoy mi hogar, es s\u00edmbolo de crecimiento profesional y personal, donde ya no es solo un 'yo', sino un 'nosotros'. Gracias a la vida por regalarme a mi 'partner in crime', esa persona que me llena de admiraci\u00f3n, amor, fuerza y risas interminables.<\/p>\n<\/div><\/div><\/div><\/div><\/div><\/div>\n<\/div><\/div><\/div><\/div>","protected":false},"excerpt":{"rendered":"<p>La novia<\/p>","protected":false},"author":2,"featured_media":0,"parent":0,"menu_order":0,"comment_status":"closed","ping_status":"closed","template":"","meta":{"_uag_custom_page_level_css":"","site-sidebar-layout":"default","site-content-layout":"","ast-site-content-layout":"default","site-content-style":"default","site-sidebar-style":"default","ast-global-header-display":"","ast-banner-title-visibility":"","ast-main-header-display":"","ast-hfb-above-header-display":"","ast-hfb-below-header-display":"","ast-hfb-mobile-header-display":"","site-post-title":"disabled","ast-breadcrumbs-content":"","ast-featured-img":"","footer-sml-layout":"","theme-transparent-header-meta":"","adv-header-id-meta":"","stick-header-meta":"","header-above-stick-meta":"","header-main-stick-meta":"","header-below-stick-meta":"","astra-migrate-meta-layouts":"set","ast-page-background-enabled":"default","ast-page-background-meta":{"desktop":{"background-color":"var(--ast-global-color-4)","background-image":"","background-repeat":"repeat","background-position":"center center","background-size":"auto","background-attachment":"scroll","background-type":"","background-media":"","overlay-type":"","overlay-color":"","overlay-opacity":"","overlay-gradient":""},"tablet":{"background-color":"","background-image":"","background-repeat":"repeat","background-position":"center center","background-size":"auto","background-attachment":"scroll","background-type":"","background-media":"","overlay-type":"","overlay-color":"","overlay-opacity":"","overlay-gradient":""},"mobile":{"background-color":"","background-image":"","background-repeat":"repeat","background-position":"center center","background-size":"auto","background-attachment":"scroll","background-type":"","background-media":"","overlay-type":"","overlay-color":"","overlay-opacity":"","overlay-gradient":""}},"ast-content-background-meta":{"desktop":{"background-color":"var(--ast-global-color-5)","background-image":"","background-repeat":"repeat","background-position":"center center","background-size":"auto","background-attachment":"scroll","background-type":"","background-media":"","overlay-type":"","overlay-color":"","overlay-opacity":"","overlay-gradient":""},"tablet":{"background-color":"var(--ast-global-color-5)","background-image":"","background-repeat":"repeat","background-position":"center center","background-size":"auto","background-attachment":"scroll","background-type":"","background-media":"","overlay-type":"","overlay-color":"","overlay-opacity":"","overlay-gradient":""},"mobile":{"background-color":"var(--ast-global-color-5)","background-image":"","background-repeat":"repeat","background-position":"center center","background-size":"auto","background-attachment":"scroll","background-type":"","background-media":"","overlay-type":"","overlay-color":"","overlay-opacity":"","overlay-gradient":""}},"ngg_post_thumbnail":0,"footnotes":""},"class_list":["post-804","page","type-page","status-publish","hentry"],"uagb_featured_image_src":{"full":false,"thumbnail":false,"medium":false,"medium_large":false,"large":false,"1536x1536":false,"2048x2048":false,"trp-custom-language-flag":false},"uagb_author_info":{"display_name":"Alexandre Nieto","author_link":"https:\/\/frenchmex.love\/es\/author\/alex\/"},"uagb_comment_info":0,"uagb_excerpt":"La mari\u00e9e","_links":{"self":[{"href":"https:\/\/frenchmex.love\/es\/wp-json\/wp\/v2\/pages\/804","targetHints":{"allow":["GET"]}}],"collection":[{"href":"https:\/\/frenchmex.love\/es\/wp-json\/wp\/v2\/pages"}],"about":[{"href":"https:\/\/frenchmex.love\/es\/wp-json\/wp\/v2\/types\/page"}],"author":[{"embeddable":true,"href":"https:\/\/frenchmex.love\/es\/wp-json\/wp\/v2\/users\/2"}],"replies":[{"embeddable":true,"href":"https:\/\/frenchmex.love\/es\/wp-json\/wp\/v2\/comments?post=804"}],"version-history":[{"count":32,"href":"https:\/\/frenchmex.love\/es\/wp-json\/wp\/v2\/pages\/804\/revisions"}],"predecessor-version":[{"id":1121,"href":"https:\/\/frenchmex.love\/es\/wp-json\/wp\/v2\/pages\/804\/revisions\/1121"}],"wp:attachment":[{"href":"https:\/\/frenchmex.love\/es\/wp-json\/wp\/v2\/media?parent=804"}],"curies":[{"name":"wp","href":"https:\/\/api.w.org\/{rel}","templated":true}]}}