{"id":203,"date":"2024-10-07T01:09:49","date_gmt":"2024-10-06T23:09:49","guid":{"rendered":"http:\/\/frenchmex.love\/index.php\/home\/"},"modified":"2025-06-17T17:24:16","modified_gmt":"2025-06-17T15:24:16","slug":"home","status":"publish","type":"page","link":"https:\/\/frenchmex.love\/es\/","title":{"rendered":"Inicio"},"content":{"rendered":"<div class=\"wp-block-uagb-container uagb-block-3067d408 alignfull uagb-is-root-container\"><div class=\"uagb-container-inner-blocks-wrap\">\n<div class=\"wp-block-uagb-info-box uagb-block-d0050f4b uagb-infobox__content-wrap  uagb-infobox-icon-above-title uagb-infobox-image-valign-top wp-block-uagb-info-box--has-margin\"><div class=\"uagb-infobox-margin-wrapper\"><div class=\"uagb-ifb-content\"><div class=\"uagb-ifb-title-wrap\"><h1 class=\"uagb-ifb-title-prefix\">Alex y Amber<\/h1><p class=\"uagb-ifb-title\">14 de junio de 2025<\/p><\/div><p class=\"uagb-ifb-desc\">Reserva la fecha<\/p><\/div><\/div><\/div>\n<\/div><\/div>\n\n\n\n<div class=\"wp-block-uagb-countdown uagb-block-d1741015\"><div class=\"wp-block-uagb-countdown__box wp-block-uagb-countdown__box-days\"><div role=\"timer\" aria-live=\"off\" class=\"wp-block-uagb-countdown__time wp-block-uagb-countdown__time-days\">&#8211;<\/div><div class=\"wp-block-uagb-countdown__label\">D\u00edas<\/div><\/div><div class=\"wp-block-uagb-countdown__box wp-block-uagb-countdown__box-hours\"><div role=\"timer\" aria-live=\"off\" class=\"wp-block-uagb-countdown__time wp-block-uagb-countdown__time-hours\">&#8211;<\/div><div class=\"wp-block-uagb-countdown__label\">Horas<\/div><\/div><div class=\"wp-block-uagb-countdown__box wp-block-uagb-countdown__box-minutes\"><div role=\"timer\" aria-live=\"off\" class=\"wp-block-uagb-countdown__time wp-block-uagb-countdown__time-minutes\">&#8211;<\/div><div class=\"wp-block-uagb-countdown__label\">Minutos<\/div><\/div><div class=\"wp-block-uagb-countdown__box wp-block-uagb-countdown__box-seconds\"><div role=\"timer\" aria-live=\"off\" class=\"wp-block-uagb-countdown__time wp-block-uagb-countdown__time-seconds\">&#8211;<\/div><div class=\"wp-block-uagb-countdown__label\">Segundos<\/div><\/div><\/div>\n\n\n\n<div class=\"wp-block-uagb-container uagb-block-6bb4b0de alignfull uagb-is-root-container\"><div class=\"uagb-container-inner-blocks-wrap\">\n<div class=\"wp-block-uagb-info-box uagb-block-1da6a209 uagb-infobox__content-wrap  uagb-infobox-icon-below-title uagb-infobox-image-valign-top\"><div class=\"uagb-ifb-content\"><div class=\"uagb-ifb-title-wrap\"><h2 class=\"uagb-ifb-title\">El Novio y La Novia<\/h2><\/div><div class=\"uagb-ifb-icon-wrap\"><svg xmlns=\"https:\/\/www.w3.org\/2000\/svg\" viewbox=\"0 0 512 512\"><path d=\"M0 190.9V185.1C0 115.2 50.52 55.58 119.4 44.1C164.1 36.51 211.4 51.37 244 84.02L256 96L267.1 84.02C300.6 51.37 347 36.51 392.6 44.1C461.5 55.58 512 115.2 512 185.1V190.9C512 232.4 494.8 272.1 464.4 300.4L283.7 469.1C276.2 476.1 266.3 480 256 480C245.7 480 235.8 476.1 228.3 469.1L47.59 300.4C17.23 272.1 .0003 232.4 .0003 190.9L0 190.9z\"><\/path><\/svg><\/div><\/div><\/div>\n\n\n\n<div class=\"wp-block-uagb-container uagb-block-16bc58fe\">\n<div class=\"wp-block-uagb-container uagb-block-970fff66\">\n<div class=\"wp-block-uagb-info-box uagb-block-cabf60d4 uagb-infobox__content-wrap  uagb-infobox-icon-above-title uagb-infobox-image-valign-top\"><div class=\"uagb-ifb-content\"><div class=\"uagb-ifb-image-content\"><img decoding=\"async\" src=\"https:\/\/frenchmex.love\/wp-content\/uploads\/2024\/11\/WhatsApp-Image-2024-11-11-at-5.17.59-PM-7.jpeg\" alt=\"\" width=\"300\" height=\"400\" loading=\"lazy\"\/><\/div><div class=\"uagb-ifb-title-wrap\"><h2 class=\"uagb-ifb-title\">Alexandre<\/h2><\/div><p class=\"uagb-ifb-desc\">Un franc\u00e9s curioso y apasionado, aventurero de coraz\u00f3n, siempre listo para una nueva experiencia, ha recorrido el mundo, con una estancia memorable en Australia que cambi\u00f3 su vida. Ahora establecido en Toronto, sigue viviendo su vida con determinaci\u00f3n y un humor \u00fanico que siempre logra sacar una sonrisa a quienes lo rodean.<\/p><\/div><\/div>\n\n\n\n<div class=\"wp-block-uagb-buttons uagb-buttons__outer-wrap uagb-btn__default-btn uagb-btn-tablet__default-btn uagb-btn-mobile__default-btn uagb-block-1fa8bfe6\"><div class=\"uagb-buttons__wrap uagb-buttons-layout-wrap\">\n<div class=\"wp-block-uagb-buttons-child uagb-buttons__outer-wrap uagb-block-775643db wp-block-button\"><div class=\"uagb-button__wrapper\"><a class=\"uagb-buttons-repeater wp-block-button__link\" aria-label=\"Click Here\" href=\"https:\/\/www.instagram.com\/al_nieto\" rel=\"follow noopener\" target=\"_blank\" role=\"button\"><span class=\"uagb-button__icon uagb-button__icon-position-after\"><svg xmlns=\"https:\/\/www.w3.org\/2000\/svg\" viewbox=\"0 0 448 512\" aria-hidden=\"true\" focussable=\"false\"><path d=\"M224.1 141c-63.6 0-114.9 51.3-114.9 114.9s51.3 114.9 114.9 114.9S339 319.5 339 255.9 287.7 141 224.1 141zm0 189.6c-41.1 0-74.7-33.5-74.7-74.7s33.5-74.7 74.7-74.7 74.7 33.5 74.7 74.7-33.6 74.7-74.7 74.7zm146.4-194.3c0 14.9-12 26.8-26.8 26.8-14.9 0-26.8-12-26.8-26.8s12-26.8 26.8-26.8 26.8 12 26.8 26.8zm76.1 27.2c-1.7-35.9-9.9-67.7-36.2-93.9-26.2-26.2-58-34.4-93.9-36.2-37-2.1-147.9-2.1-184.9 0-35.8 1.7-67.6 9.9-93.9 36.1s-34.4 58-36.2 93.9c-2.1 37-2.1 147.9 0 184.9 1.7 35.9 9.9 67.7 36.2 93.9s58 34.4 93.9 36.2c37 2.1 147.9 2.1 184.9 0 35.9-1.7 67.7-9.9 93.9-36.2 26.2-26.2 34.4-58 36.2-93.9 2.1-37 2.1-147.8 0-184.8zM398.8 388c-7.8 19.6-22.9 34.7-42.6 42.6-29.5 11.7-99.5 9-132.1 9s-102.7 2.6-132.1-9c-19.6-7.8-34.7-22.9-42.6-42.6-11.7-29.5-9-99.5-9-132.1s-2.6-102.7 9-132.1c7.8-19.6 22.9-34.7 42.6-42.6 29.5-11.7 99.5-9 132.1-9s102.7-2.6 132.1 9c19.6 7.8 34.7 22.9 42.6 42.6 11.7 29.5 9 99.5 9 132.1s2.7 102.7-9 132.1z\"><\/path><\/svg><\/span><\/a><\/div><\/div>\n<\/div><\/div>\n<\/div>\n\n\n\n<div class=\"wp-block-uagb-container uagb-block-476a284a\">\n<div class=\"wp-block-uagb-info-box uagb-block-7827ea54 uagb-infobox__content-wrap  uagb-infobox-icon-above-title uagb-infobox-image-valign-top\"><div class=\"uagb-ifb-content\"><div class=\"uagb-ifb-image-content\"><img decoding=\"async\" src=\"https:\/\/frenchmex.love\/wp-content\/uploads\/2024\/11\/WhatsApp-Image-2024-11-11-at-4.05.47-PM.jpeg\" alt=\"\" width=\"300\" height=\"399\" loading=\"lazy\"\/><\/div><div class=\"uagb-ifb-title-wrap\"><h2 class=\"uagb-ifb-title\">Amber<\/h2><\/div><p class=\"uagb-ifb-desc\">Una mexicana so\u00f1adora, decidida y curiosa, est\u00e1 impulsada por un profundo deseo de descubrir el mundo y enriquecerse con nuevas experiencias. Amante de la buena comida y siempre lista para un peque\u00f1o antojo, sabe apreciar los placeres simples. Su aventura en Australia fue una revelaci\u00f3n, demostrando que los \u00fanicos l\u00edmites son los que uno mismo se impone.<\/p><\/div><\/div>\n\n\n\n<div class=\"wp-block-uagb-buttons uagb-buttons__outer-wrap uagb-btn__default-btn uagb-btn-tablet__default-btn uagb-btn-mobile__default-btn uagb-block-326e48c4\"><div class=\"uagb-buttons__wrap uagb-buttons-layout-wrap\">\n<div class=\"wp-block-uagb-buttons-child uagb-buttons__outer-wrap uagb-block-6a21e475 wp-block-button\"><div class=\"uagb-button__wrapper\"><a class=\"uagb-buttons-repeater wp-block-button__link\" aria-label=\"Click Here\" href=\"https:\/\/www.instagram.com\/aambermiranda\" rel=\"follow noopener\" target=\"_blank\" role=\"button\"><span class=\"uagb-button__icon uagb-button__icon-position-after\"><svg xmlns=\"https:\/\/www.w3.org\/2000\/svg\" viewbox=\"0 0 448 512\" aria-hidden=\"true\" focussable=\"false\"><path d=\"M224.1 141c-63.6 0-114.9 51.3-114.9 114.9s51.3 114.9 114.9 114.9S339 319.5 339 255.9 287.7 141 224.1 141zm0 189.6c-41.1 0-74.7-33.5-74.7-74.7s33.5-74.7 74.7-74.7 74.7 33.5 74.7 74.7-33.6 74.7-74.7 74.7zm146.4-194.3c0 14.9-12 26.8-26.8 26.8-14.9 0-26.8-12-26.8-26.8s12-26.8 26.8-26.8 26.8 12 26.8 26.8zm76.1 27.2c-1.7-35.9-9.9-67.7-36.2-93.9-26.2-26.2-58-34.4-93.9-36.2-37-2.1-147.9-2.1-184.9 0-35.8 1.7-67.6 9.9-93.9 36.1s-34.4 58-36.2 93.9c-2.1 37-2.1 147.9 0 184.9 1.7 35.9 9.9 67.7 36.2 93.9s58 34.4 93.9 36.2c37 2.1 147.9 2.1 184.9 0 35.9-1.7 67.7-9.9 93.9-36.2 26.2-26.2 34.4-58 36.2-93.9 2.1-37 2.1-147.8 0-184.8zM398.8 388c-7.8 19.6-22.9 34.7-42.6 42.6-29.5 11.7-99.5 9-132.1 9s-102.7 2.6-132.1-9c-19.6-7.8-34.7-22.9-42.6-42.6-11.7-29.5-9-99.5-9-132.1s-2.6-102.7 9-132.1c7.8-19.6 22.9-34.7 42.6-42.6 29.5-11.7 99.5-9 132.1-9s102.7-2.6 132.1 9c19.6 7.8 34.7 22.9 42.6 42.6 11.7 29.5 9 99.5 9 132.1s2.7 102.7-9 132.1z\"><\/path><\/svg><\/span><\/a><\/div><\/div>\n<\/div><\/div>\n<\/div>\n<\/div>\n<\/div><\/div>\n\n\n\n<div class=\"wp-block-uagb-container uagb-block-47cff876 alignfull uagb-is-root-container\"><div class=\"uagb-container-inner-blocks-wrap\">\n<div class=\"wp-block-uagb-advanced-heading uagb-block-dd535284\"><h2 class=\"uagb-heading-text\">Nuestra historia de amor<\/h2><p class=\"uagb-desc-text translation-block\">Nos conocimos a principios del a\u00f1o 2018 en Australia. A pesar de las circunstancias que nos separaron por un tiempo, nuestros caminos se volvieron a encontrar en 2021. Desde entonces, hemos vivido a\u00f1os maravillosos juntos, descubriendo cada d\u00eda un poco m\u00e1s el amor que nos une. <br>\n\u00a1Su locura encaja con la m\u00eda! Juntos, hemos encontrado un equilibrio perfecto en nuestras diferencias.<\/p><\/div>\n\n\n\n<div class=\"wp-block-uagb-container uagb-block-d3fe034a\">\n<div class=\"wp-block-uagb-info-box uagb-block-eca938ee uagb-infobox__content-wrap  uagb-infobox-icon-above-title uagb-infobox-image-valign-top\"><div class=\"uagb-ifb-content\"><div class=\"uagb-ifb-title-wrap\"><span class=\"uagb-ifb-title-prefix\">02\/01\/2018<\/span><h2 class=\"uagb-ifb-title\">Se conocen<\/h2><\/div><\/div><\/div>\n\n\n\n<div class=\"wp-block-uagb-container uagb-block-1acbc0b4\">\n<div class=\"wp-block-uagb-advanced-heading uagb-block-32f02576\"><h3 class=\"uagb-heading-text\">08\/08\/2021<\/h3><\/div>\n\n\n\n<div class=\"wp-block-uagb-info-box uagb-block-0f8e2443 uagb-infobox__content-wrap  uagb-infobox-icon-above-title uagb-infobox-image-valign-top\"><div class=\"uagb-ifb-content\"><div class=\"uagb-ifb-icon-wrap\"><svg xmlns=\"https:\/\/www.w3.org\/2000\/svg\" viewbox=\"0 0 512 512\"><path d=\"M0 190.9V185.1C0 115.2 50.52 55.58 119.4 44.1C164.1 36.51 211.4 51.37 244 84.02L256 96L267.1 84.02C300.6 51.37 347 36.51 392.6 44.1C461.5 55.58 512 115.2 512 185.1V190.9C512 232.4 494.8 272.1 464.4 300.4L283.7 469.1C276.2 476.1 266.3 480 256 480C245.7 480 235.8 476.1 228.3 469.1L47.59 300.4C17.23 272.1 .0003 232.4 .0003 190.9L0 190.9z\"><\/path><\/svg><\/div><div class=\"uagb-ifb-title-wrap\"><h2 class=\"uagb-ifb-title\">Se enamoran<\/h2><\/div><\/div><\/div>\n<\/div>\n\n\n\n<div class=\"wp-block-uagb-container uagb-block-a1cfd0fe\">\n<div class=\"wp-block-uagb-info-box uagb-block-1014fd1b uagb-infobox__content-wrap  uagb-infobox-icon-above-title uagb-infobox-image-valign-top\"><div class=\"uagb-ifb-content\"><div class=\"uagb-ifb-title-wrap\"><span class=\"uagb-ifb-title-prefix\">07\/05\/2024<\/span><h2 class=\"uagb-ifb-title\">\u00a1Ella dice s\u00ed!<\/h2><\/div><\/div><\/div>\n<\/div>\n<\/div>\n<\/div><\/div>\n\n\n\n<div class=\"wp-block-uagb-container uagb-block-2040227a alignfull uagb-is-root-container\"><div class=\"uagb-container-inner-blocks-wrap\">\n<div class=\"wp-block-uagb-info-box uagb-block-c2827941 uagb-infobox__content-wrap  uagb-infobox-icon-below-title uagb-infobox-image-valign-top wp-block-uagb-info-box--has-margin\"><div class=\"uagb-infobox-margin-wrapper\"><div class=\"uagb-ifb-content\"><div class=\"uagb-ifb-title-wrap\"><h2 class=\"uagb-ifb-title\">Momentos juntos<\/h2><\/div><\/div><\/div><\/div>\n\n\n      \n\t\t\t<div class=\"uagb-icon-wrapper uagb-block-33927a81\"\n\t\t\tstyle=\"\" >\n\t\t\t\t\t\t\t\t\t<span class=\"uagb-svg-wrapper\" \n\t\t\t\t\t aria-label=\"heart\"\t\t\t\t\ttabindex=\"0\">\t\t\n\t\t\t\t\t\t\t\t\t\t<svg xmlns=\"https:\/\/www.w3.org\/2000\/svg\" viewbox= \"0 0 512 512\" role=\"graphics-symbol\" aria-hidden=\"false\" aria-label=\"\"><path d=\"M0 190.9V185.1C0 115.2 50.52 55.58 119.4 44.1C164.1 36.51 211.4 51.37 244 84.02L256 96L267.1 84.02C300.6 51.37 347 36.51 392.6 44.1C461.5 55.58 512 115.2 512 185.1V190.9C512 232.4 494.8 272.1 464.4 300.4L283.7 469.1C276.2 476.1 266.3 480 256 480C245.7 480 235.8 476.1 228.3 469.1L47.59 300.4C17.23 272.1 .0003 232.4 .0003 190.9L0 190.9z\"><\/path><\/svg>\n\t\t\t\t\t\t\t\t\t<\/span>\n\t\t\t\t\t\t\t<\/div>\n\t\t\t<\/div><\/div>\n\n\n\n<div class=\"wp-block-uagb-container uagb-block-875a1ca5 alignfull uagb-is-root-container\"><div class=\"uagb-container-inner-blocks-wrap\">\n<div class=\"wp-block-uagb-container uagb-block-72555a54\">\n<div class=\"wp-block-uagb-advanced-heading uagb-block-d603afea\"><h2 class=\"uagb-heading-text\">Dulces...<\/h2><\/div>\n\n\n\n<div class=\"wp-block-uagb-image aligncenter uagb-block-60f28d55 wp-block-uagb-image--layout-default wp-block-uagb-image--effect-zoomin wp-block-uagb-image--align-center\"><figure class=\"wp-block-uagb-image__figure\"><img decoding=\"async\" srcset=\"https:\/\/frenchmex.love\/wp-content\/uploads\/2025\/05\/IMG_7516-768x1024.jpg ,https:\/\/frenchmex.love\/wp-content\/uploads\/2025\/05\/IMG_7516-scaled.jpg 780w, https:\/\/frenchmex.love\/wp-content\/uploads\/2025\/05\/IMG_7516-scaled.jpg 360w\" sizes=\"auto, (max-width: 480px) 150px\" src=\"https:\/\/frenchmex.love\/wp-content\/uploads\/2025\/05\/IMG_7516-768x1024.jpg\" alt=\"\" class=\"uag-image-1482\" width=\"400\" height=\"600\" title=\"IMG_7516\" loading=\"lazy\" role=\"img\"\/><\/figure><\/div>\n<\/div>\n\n\n\n<div class=\"wp-block-uagb-container uagb-block-f83f4730\">\n<div class=\"wp-block-uagb-image aligncenter uagb-block-27bc844a wp-block-uagb-image--layout-default wp-block-uagb-image--effect-zoomin wp-block-uagb-image--align-center\"><figure class=\"wp-block-uagb-image__figure\"><img decoding=\"async\" srcset=\"https:\/\/frenchmex.love\/wp-content\/uploads\/2024\/11\/WhatsApp-Image-2024-11-11-at-4.05.47-PM-2-819x1024.jpeg ,https:\/\/frenchmex.love\/wp-content\/uploads\/2024\/11\/WhatsApp-Image-2024-11-11-at-4.05.47-PM-2.jpeg 780w, https:\/\/frenchmex.love\/wp-content\/uploads\/2024\/11\/WhatsApp-Image-2024-11-11-at-4.05.47-PM-2.jpeg 360w\" sizes=\"auto, (max-width: 480px) 150px\" src=\"https:\/\/frenchmex.love\/wp-content\/uploads\/2024\/11\/WhatsApp-Image-2024-11-11-at-4.05.47-PM-2-819x1024.jpeg\" alt=\"\" class=\"uag-image-1038\" width=\"819\" height=\"1024\" title=\"WhatsApp Image 2024-11-11 at 4.05.47 PM (2)\" loading=\"lazy\" role=\"img\"\/><\/figure><\/div>\n\n\n\n<div class=\"wp-block-uagb-image aligncenter uagb-block-0f284de2 wp-block-uagb-image--layout-default wp-block-uagb-image--effect-zoomin wp-block-uagb-image--align-center\"><figure class=\"wp-block-uagb-image__figure\"><img decoding=\"async\" srcset=\"https:\/\/frenchmex.love\/wp-content\/uploads\/2024\/11\/WhatsApp-Image-2024-11-11-at-4.05.47-PM-5-768x1024.jpeg ,https:\/\/frenchmex.love\/wp-content\/uploads\/2024\/11\/WhatsApp-Image-2024-11-11-at-4.05.47-PM-5.jpeg 780w, https:\/\/frenchmex.love\/wp-content\/uploads\/2024\/11\/WhatsApp-Image-2024-11-11-at-4.05.47-PM-5.jpeg 360w\" sizes=\"auto, (max-width: 480px) 150px\" src=\"https:\/\/frenchmex.love\/wp-content\/uploads\/2024\/11\/WhatsApp-Image-2024-11-11-at-4.05.47-PM-5-768x1024.jpeg\" alt=\"\" class=\"uag-image-1037\" width=\"768\" height=\"1024\" title=\"WhatsApp Image 2024-11-11 at 4.05.47 PM (5)\" loading=\"lazy\" role=\"img\"\/><\/figure><\/div>\n\n\n\n<div class=\"wp-block-uagb-image aligncenter uagb-block-eca855dd wp-block-uagb-image--layout-default wp-block-uagb-image--effect-zoomin wp-block-uagb-image--align-center\"><figure class=\"wp-block-uagb-image__figure\"><img decoding=\"async\" srcset=\"https:\/\/frenchmex.love\/wp-content\/uploads\/2024\/10\/2023-12-09-19-12-28-scaled.jpeg ,https:\/\/frenchmex.love\/wp-content\/uploads\/2024\/10\/2023-12-09-19-12-28-scaled.jpeg 780w, https:\/\/frenchmex.love\/wp-content\/uploads\/2024\/10\/2023-12-09-19-12-28-scaled.jpeg 360w\" sizes=\"auto, (max-width: 480px) 150px\" src=\"https:\/\/frenchmex.love\/wp-content\/uploads\/2024\/10\/2023-12-09-19-12-28-scaled.jpeg\" alt=\"\" class=\"uag-image-705\" width=\"1864\" height=\"2485\" title=\"2023-12-09 19-12-28\" loading=\"lazy\" role=\"img\"\/><\/figure><\/div>\n<\/div>\n\n\n\n<div class=\"wp-block-uagb-container uagb-block-b7744ab3\">\n<div class=\"wp-block-uagb-image aligncenter uagb-block-450d2dbf wp-block-uagb-image--layout-default wp-block-uagb-image--effect-zoomin wp-block-uagb-image--align-center\"><figure class=\"wp-block-uagb-image__figure\"><img decoding=\"async\" srcset=\"https:\/\/frenchmex.love\/wp-content\/uploads\/2024\/10\/2022-12-12-11-56-45-768x1024.jpeg ,https:\/\/frenchmex.love\/wp-content\/uploads\/2024\/10\/2022-12-12-11-56-45-scaled.jpeg 780w, https:\/\/frenchmex.love\/wp-content\/uploads\/2024\/10\/2022-12-12-11-56-45-scaled.jpeg 360w\" sizes=\"auto, (max-width: 480px) 150px\" src=\"https:\/\/frenchmex.love\/wp-content\/uploads\/2024\/10\/2022-12-12-11-56-45-768x1024.jpeg\" alt=\"\" class=\"uag-image-702\" width=\"381\" height=\"508\" title=\"2022-12-12 11-56-45\" loading=\"lazy\" role=\"img\"\/><\/figure><\/div>\n\n\n\n<div class=\"wp-block-uagb-advanced-heading uagb-block-089f8b29\"><h2 class=\"uagb-heading-text\">Recuerdos...<\/h2><\/div>\n<\/div>\n<\/div><\/div>\n\n\n\n<p><\/p>\n\n\n\n<div class=\"wp-block-uagb-container uagb-block-7551cf3b alignfull uagb-is-root-container\"><div class=\"uagb-container-inner-blocks-wrap\">\n<div class=\"wp-block-uagb-container uagb-block-68116e08\"><\/div>\n<\/div><\/div>\n\n\n\n<div class=\"wp-block-uagb-container uagb-block-f44eb8b2 alignfull uagb-is-root-container\"><div class=\"uagb-container-inner-blocks-wrap\">\n<div class=\"wp-block-uagb-info-box uagb-block-5d7d3a69 uagb-infobox__content-wrap  uagb-infobox-icon-above-title uagb-infobox-image-valign-top wp-block-uagb-info-box--has-margin\"><div class=\"uagb-infobox-margin-wrapper\"><div class=\"uagb-ifb-content\"><div class=\"uagb-ifb-title-wrap\"><h2 class=\"uagb-ifb-title-prefix\">Celebremos nuestro amor<\/h2><h3 class=\"uagb-ifb-title\">14 de junio de 2025<\/h3><\/div><\/div><\/div><\/div>\n<\/div><\/div>\n\n\n\n<div style=\"height:100px\" aria-hidden=\"true\" class=\"wp-block-spacer\"><\/div>\n\n\n\n<div class=\"wp-block-uagb-container uagb-block-0f6834b5 alignfull uagb-is-root-container\"><div class=\"uagb-container-inner-blocks-wrap\">\n<div class=\"wp-block-uagb-image aligncenter uagb-block-3306f58b wp-block-uagb-image--layout-default wp-block-uagb-image--effect-static wp-block-uagb-image--align-center\"><figure class=\"wp-block-uagb-image__figure\"><img decoding=\"async\" srcset=\"https:\/\/frenchmex.love\/wp-content\/uploads\/2024\/10\/Design-sans-titre.png ,https:\/\/frenchmex.love\/wp-content\/uploads\/2024\/10\/Design-sans-titre.png 780w, https:\/\/frenchmex.love\/wp-content\/uploads\/2024\/10\/Design-sans-titre.png 360w\" sizes=\"auto, (max-width: 480px) 150px\" src=\"https:\/\/frenchmex.love\/wp-content\/uploads\/2024\/10\/Design-sans-titre.png\" alt=\"\" class=\"uag-image-709\" width=\"500\" height=\"500\" title=\"Design sans titre\" loading=\"lazy\" role=\"img\"\/><\/figure><\/div>\n\n\n\n<div class=\"wp-block-uagb-advanced-heading uagb-block-eb32d911\"><h2 class=\"uagb-heading-text\">\u00a1Te esperamos!<\/h2><\/div>\n\n\n      \n\t\t\t<div class=\"uagb-icon-wrapper uagb-block-ae473417\"\n\t\t\tstyle=\"\" >\n\t\t\t\t\t\t\t\t\t<span class=\"uagb-svg-wrapper\" \n\t\t\t\t\t aria-label=\"heart\"\t\t\t\t\ttabindex=\"0\">\t\t\n\t\t\t\t\t\t\t\t\t\t<svg xmlns=\"https:\/\/www.w3.org\/2000\/svg\" viewbox= \"0 0 512 512\" role=\"graphics-symbol\" aria-hidden=\"false\" aria-label=\"\"><path d=\"M0 190.9V185.1C0 115.2 50.52 55.58 119.4 44.1C164.1 36.51 211.4 51.37 244 84.02L256 96L267.1 84.02C300.6 51.37 347 36.51 392.6 44.1C461.5 55.58 512 115.2 512 185.1V190.9C512 232.4 494.8 272.1 464.4 300.4L283.7 469.1C276.2 476.1 266.3 480 256 480C245.7 480 235.8 476.1 228.3 469.1L47.59 300.4C17.23 272.1 .0003 232.4 .0003 190.9L0 190.9z\"><\/path><\/svg>\n\t\t\t\t\t\t\t\t\t<\/span>\n\t\t\t\t\t\t\t<\/div>\n\t\t\t<\/div><\/div>","protected":false},"excerpt":{"rendered":"<p>Notre histoire d&rsquo;amour Nous nous sommes rencontr\u00e9s au d\u00e9but de l\u2019ann\u00e9e 2018 en Australie. Malgr\u00e9 les circonstances qui nous ont s\u00e9par\u00e9s un temps, nos chemins ont fini par se retrouver en 2021. Depuis, nous vivons des ann\u00e9es merveilleuses ensemble, d\u00e9couvrant chaque jour un peu plus l\u2019amour qui nous lie. Sa folie match ma folie ! [&hellip;]<\/p>\n","protected":false},"author":2,"featured_media":1147,"parent":0,"menu_order":0,"comment_status":"closed","ping_status":"closed","template":"","meta":{"_uag_custom_page_level_css":"","site-sidebar-layout":"no-sidebar","site-content-layout":"plain-container","ast-site-content-layout":"normal-width-container","site-content-style":"unboxed","site-sidebar-style":"unboxed","ast-global-header-display":"","ast-banner-title-visibility":"","ast-main-header-display":"","ast-hfb-above-header-display":"","ast-hfb-below-header-display":"","ast-hfb-mobile-header-display":"","site-post-title":"disabled","ast-breadcrumbs-content":"","ast-featured-img":"disabled","footer-sml-layout":"","theme-transparent-header-meta":"default","adv-header-id-meta":"","stick-header-meta":"","header-above-stick-meta":"","header-main-stick-meta":"","header-below-stick-meta":"","astra-migrate-meta-layouts":"set","ast-page-background-enabled":"default","ast-page-background-meta":{"desktop":{"background-color":"var(--ast-global-color-4)","background-image":"","background-repeat":"repeat","background-position":"center center","background-size":"auto","background-attachment":"scroll","background-type":"","background-media":"","overlay-type":"","overlay-color":"","overlay-opacity":"","overlay-gradient":""},"tablet":{"background-color":"","background-image":"","background-repeat":"repeat","background-position":"center center","background-size":"auto","background-attachment":"scroll","background-type":"","background-media":"","overlay-type":"","overlay-color":"","overlay-opacity":"","overlay-gradient":""},"mobile":{"background-color":"","background-image":"","background-repeat":"repeat","background-position":"center center","background-size":"auto","background-attachment":"scroll","background-type":"","background-media":"","overlay-type":"","overlay-color":"","overlay-opacity":"","overlay-gradient":""}},"ast-content-background-meta":{"desktop":{"background-color":"var(--ast-global-color-5)","background-image":"","background-repeat":"repeat","background-position":"center center","background-size":"auto","background-attachment":"scroll","background-type":"","background-media":"","overlay-type":"","overlay-color":"","overlay-opacity":"","overlay-gradient":""},"tablet":{"background-color":"var(--ast-global-color-5)","background-image":"","background-repeat":"repeat","background-position":"center center","background-size":"auto","background-attachment":"scroll","background-type":"","background-media":"","overlay-type":"","overlay-color":"","overlay-opacity":"","overlay-gradient":""},"mobile":{"background-color":"var(--ast-global-color-5)","background-image":"","background-repeat":"repeat","background-position":"center center","background-size":"auto","background-attachment":"scroll","background-type":"","background-media":"","overlay-type":"","overlay-color":"","overlay-opacity":"","overlay-gradient":""}},"ngg_post_thumbnail":0,"footnotes":""},"class_list":["post-203","page","type-page","status-publish","has-post-thumbnail","hentry"],"uagb_featured_image_src":{"full":["https:\/\/frenchmex.love\/wp-content\/uploads\/2024\/11\/DALL\u00b7E-2024-11-12-21.52.54-The-word-LOVE-written-in-an-elegant-handwritten-script-style.-The-design-is-minimalistic-with-two-small-hearts-one-with-the-French-flag-and-one-wi.webp",1024,1024,false],"thumbnail":["https:\/\/frenchmex.love\/wp-content\/uploads\/2024\/11\/DALL\u00b7E-2024-11-12-21.52.54-The-word-LOVE-written-in-an-elegant-handwritten-script-style.-The-design-is-minimalistic-with-two-small-hearts-one-with-the-French-flag-and-one-wi-150x150.webp",150,150,true],"medium":["https:\/\/frenchmex.love\/wp-content\/uploads\/2024\/11\/DALL\u00b7E-2024-11-12-21.52.54-The-word-LOVE-written-in-an-elegant-handwritten-script-style.-The-design-is-minimalistic-with-two-small-hearts-one-with-the-French-flag-and-one-wi-300x300.webp",300,300,true],"medium_large":["https:\/\/frenchmex.love\/wp-content\/uploads\/2024\/11\/DALL\u00b7E-2024-11-12-21.52.54-The-word-LOVE-written-in-an-elegant-handwritten-script-style.-The-design-is-minimalistic-with-two-small-hearts-one-with-the-French-flag-and-one-wi-768x768.webp",768,768,true],"large":["https:\/\/frenchmex.love\/wp-content\/uploads\/2024\/11\/DALL\u00b7E-2024-11-12-21.52.54-The-word-LOVE-written-in-an-elegant-handwritten-script-style.-The-design-is-minimalistic-with-two-small-hearts-one-with-the-French-flag-and-one-wi.webp",1024,1024,false],"1536x1536":["https:\/\/frenchmex.love\/wp-content\/uploads\/2024\/11\/DALL\u00b7E-2024-11-12-21.52.54-The-word-LOVE-written-in-an-elegant-handwritten-script-style.-The-design-is-minimalistic-with-two-small-hearts-one-with-the-French-flag-and-one-wi.webp",1024,1024,false],"2048x2048":["https:\/\/frenchmex.love\/wp-content\/uploads\/2024\/11\/DALL\u00b7E-2024-11-12-21.52.54-The-word-LOVE-written-in-an-elegant-handwritten-script-style.-The-design-is-minimalistic-with-two-small-hearts-one-with-the-French-flag-and-one-wi.webp",1024,1024,false],"trp-custom-language-flag":["https:\/\/frenchmex.love\/wp-content\/uploads\/2024\/11\/DALL\u00b7E-2024-11-12-21.52.54-The-word-LOVE-written-in-an-elegant-handwritten-script-style.-The-design-is-minimalistic-with-two-small-hearts-one-with-the-French-flag-and-one-wi-12x12.webp",12,12,true]},"uagb_author_info":{"display_name":"Alexandre Nieto","author_link":"https:\/\/frenchmex.love\/es\/author\/alex\/"},"uagb_comment_info":0,"uagb_excerpt":"Notre histoire d&rsquo;amour Nous nous sommes rencontr\u00e9s au d\u00e9but de l\u2019ann\u00e9e 2018 en Australie. Malgr\u00e9 les circonstances qui nous ont s\u00e9par\u00e9s un temps, nos chemins ont fini par se retrouver en 2021. Depuis, nous vivons des ann\u00e9es merveilleuses ensemble, d\u00e9couvrant chaque jour un peu plus l\u2019amour qui nous lie. Sa folie match ma folie !&hellip;","_links":{"self":[{"href":"https:\/\/frenchmex.love\/es\/wp-json\/wp\/v2\/pages\/203","targetHints":{"allow":["GET"]}}],"collection":[{"href":"https:\/\/frenchmex.love\/es\/wp-json\/wp\/v2\/pages"}],"about":[{"href":"https:\/\/frenchmex.love\/es\/wp-json\/wp\/v2\/types\/page"}],"author":[{"embeddable":true,"href":"https:\/\/frenchmex.love\/es\/wp-json\/wp\/v2\/users\/2"}],"replies":[{"embeddable":true,"href":"https:\/\/frenchmex.love\/es\/wp-json\/wp\/v2\/comments?post=203"}],"version-history":[{"count":51,"href":"https:\/\/frenchmex.love\/es\/wp-json\/wp\/v2\/pages\/203\/revisions"}],"predecessor-version":[{"id":1729,"href":"https:\/\/frenchmex.love\/es\/wp-json\/wp\/v2\/pages\/203\/revisions\/1729"}],"wp:featuredmedia":[{"embeddable":true,"href":"https:\/\/frenchmex.love\/es\/wp-json\/wp\/v2\/media\/1147"}],"wp:attachment":[{"href":"https:\/\/frenchmex.love\/es\/wp-json\/wp\/v2\/media?parent=203"}],"curies":[{"name":"wp","href":"https:\/\/api.w.org\/{rel}","templated":true}]}}