{"id":1046,"date":"2024-11-11T23:51:19","date_gmt":"2024-11-11T21:51:19","guid":{"rendered":"https:\/\/frenchmex.love\/?page_id=1046"},"modified":"2024-11-11T23:51:19","modified_gmt":"2024-11-11T21:51:19","slug":"comment-sy-rendre","status":"publish","type":"page","link":"https:\/\/frenchmex.love\/es\/comment-sy-rendre\/","title":{"rendered":"C\u00f3mo llegar"},"content":{"rendered":"<h1 class=\"wp-block-heading\">C\u00f3mo llegar<\/h1>\n\n\n\n<h2 class=\"wp-block-heading\">Aeropuerto de Par\u00eds + Tren<\/h2>\n\n\n\n<div class=\"wp-block-media-text is-stacked-on-mobile\"><figure class=\"wp-block-media-text__media\"><img loading=\"lazy\" decoding=\"async\" width=\"1024\" height=\"1024\" src=\"https:\/\/frenchmex.love\/wp-content\/uploads\/2024\/11\/h-w-81zFNW-K_no-unsplash-1024x1024.jpg\" alt=\"\" class=\"wp-image-1030 size-full\" srcset=\"https:\/\/frenchmex.love\/wp-content\/uploads\/2024\/11\/h-w-81zFNW-K_no-unsplash-1024x1024.jpg 1024w, https:\/\/frenchmex.love\/wp-content\/uploads\/2024\/11\/h-w-81zFNW-K_no-unsplash-300x300.jpg 300w, https:\/\/frenchmex.love\/wp-content\/uploads\/2024\/11\/h-w-81zFNW-K_no-unsplash-150x150.jpg 150w, https:\/\/frenchmex.love\/wp-content\/uploads\/2024\/11\/h-w-81zFNW-K_no-unsplash-768x768.jpg 768w, https:\/\/frenchmex.love\/wp-content\/uploads\/2024\/11\/h-w-81zFNW-K_no-unsplash-1536x1536.jpg 1536w, https:\/\/frenchmex.love\/wp-content\/uploads\/2024\/11\/h-w-81zFNW-K_no-unsplash-2048x2048.jpg 2048w, https:\/\/frenchmex.love\/wp-content\/uploads\/2024\/11\/h-w-81zFNW-K_no-unsplash-12x12.jpg 12w\" sizes=\"auto, (max-width: 1024px) 100vw, 1024px\" \/><\/figure><div class=\"wp-block-media-text__content\">\n<p><strong>Aeropuerto  \u2192 Burdeos<\/strong> : Desde Charles de Gaulle u Orly, dir\u00edgete a la estaci\u00f3n de Montparnasse para tomar un tren OUIGO hacia Burdeos (precios desde 16 \u20ac, aproximadamente 2 horas).<br><a href=\"https:\/\/www.ouigo.com\/\">https:\/\/www.ouigo.com\/train-paris-bordeaux<\/a><\/p>\n\n\n\n<p><strong>Burdeos \u2192 Le Teich\/Bassin d\u2019Arcachon <\/strong> Toma un TER directo desde la estaci\u00f3n de Burdeos Saint-Jean hacia Arcach\u00f3n (aproximadamente 1 hora, con salidas regulares).<br><a href=\"https:\/\/www.ter.sncf.com\/nouvelle-aquitaine\/trajet-bordeaux-le-teich\">https:\/\/www.ter.sncf.com\/nouvelle-aquitaine\/trajet-bordeaux-le-teich<\/a><\/p>\n<\/div><\/div>\n\n\n\n<p><\/p>\n\n\n\n<h2 class=\"wp-block-heading\">Aeropuerto de Burdeos<\/h2>\n\n\n\n<div class=\"wp-block-media-text has-media-on-the-right is-stacked-on-mobile\"><div class=\"wp-block-media-text__content\">\n<p>Autob\u00fas y Tren: Toma el autob\u00fas de la l\u00ednea 39 hacia la estaci\u00f3n de Pessac Alouette, luego un TER directo hacia Arcach\u00f3n (aproximadamente 1 hora).<br><a href=\"https:\/\/www.ter.sncf.com\/nouvelle-aquitaine\/trajet-bordeaux-le-teich\">https:\/\/www.ter.sncf.com\/nouvelle-aquitaine\/trajet-bordeaux-le-teich<\/a><\/p>\n<\/div><figure class=\"wp-block-media-text__media\"><img loading=\"lazy\" decoding=\"async\" width=\"1024\" height=\"684\" src=\"https:\/\/frenchmex.love\/wp-content\/uploads\/2024\/11\/132220626_o-1024x684.jpg\" alt=\"\" class=\"wp-image-1041 size-full\" srcset=\"https:\/\/frenchmex.love\/wp-content\/uploads\/2024\/11\/132220626_o-1024x684.jpg 1024w, https:\/\/frenchmex.love\/wp-content\/uploads\/2024\/11\/132220626_o-300x200.jpg 300w, https:\/\/frenchmex.love\/wp-content\/uploads\/2024\/11\/132220626_o-768x513.jpg 768w, https:\/\/frenchmex.love\/wp-content\/uploads\/2024\/11\/132220626_o-1536x1026.jpg 1536w, https:\/\/frenchmex.love\/wp-content\/uploads\/2024\/11\/132220626_o-18x12.jpg 18w, https:\/\/frenchmex.love\/wp-content\/uploads\/2024\/11\/132220626_o.jpg 2048w\" sizes=\"auto, (max-width: 1024px) 100vw, 1024px\" \/><\/figure><\/div>\n\n\n\n<p><\/p>","protected":false},"excerpt":{"rendered":"<p>Comment s&rsquo;y rendre A\u00e9roport de Paris + Train A\u00e9roport \u2192 Bordeaux : Depuis Charles de Gaulle ou Orly, rejoignez la gare Montparnasse pour prendre un OUIGO vers Bordeaux (prix d\u00e8s 16 \u20ac, environ 2h).https:\/\/www.ouigo.com\/train-paris-bordeaux Bordeaux \u2192 Le Teich\/Bassin d&rsquo;Arcachon : Prenez un TER direct depuis la gare de Bordeaux Saint-Jean vers Arcachon (environ 1h, avec [&hellip;]<\/p>\n","protected":false},"author":2,"featured_media":0,"parent":0,"menu_order":0,"comment_status":"closed","ping_status":"closed","template":"","meta":{"_uag_custom_page_level_css":"","site-sidebar-layout":"default","site-content-layout":"","ast-site-content-layout":"default","site-content-style":"default","site-sidebar-style":"default","ast-global-header-display":"","ast-banner-title-visibility":"","ast-main-header-display":"","ast-hfb-above-header-display":"","ast-hfb-below-header-display":"","ast-hfb-mobile-header-display":"","site-post-title":"disabled","ast-breadcrumbs-content":"","ast-featured-img":"","footer-sml-layout":"","theme-transparent-header-meta":"","adv-header-id-meta":"","stick-header-meta":"","header-above-stick-meta":"","header-main-stick-meta":"","header-below-stick-meta":"","astra-migrate-meta-layouts":"set","ast-page-background-enabled":"default","ast-page-background-meta":{"desktop":{"background-color":"var(--ast-global-color-4)","background-image":"","background-repeat":"repeat","background-position":"center center","background-size":"auto","background-attachment":"scroll","background-type":"","background-media":"","overlay-type":"","overlay-color":"","overlay-opacity":"","overlay-gradient":""},"tablet":{"background-color":"","background-image":"","background-repeat":"repeat","background-position":"center center","background-size":"auto","background-attachment":"scroll","background-type":"","background-media":"","overlay-type":"","overlay-color":"","overlay-opacity":"","overlay-gradient":""},"mobile":{"background-color":"","background-image":"","background-repeat":"repeat","background-position":"center center","background-size":"auto","background-attachment":"scroll","background-type":"","background-media":"","overlay-type":"","overlay-color":"","overlay-opacity":"","overlay-gradient":""}},"ast-content-background-meta":{"desktop":{"background-color":"var(--ast-global-color-5)","background-image":"","background-repeat":"repeat","background-position":"center center","background-size":"auto","background-attachment":"scroll","background-type":"","background-media":"","overlay-type":"","overlay-color":"","overlay-opacity":"","overlay-gradient":""},"tablet":{"background-color":"var(--ast-global-color-5)","background-image":"","background-repeat":"repeat","background-position":"center center","background-size":"auto","background-attachment":"scroll","background-type":"","background-media":"","overlay-type":"","overlay-color":"","overlay-opacity":"","overlay-gradient":""},"mobile":{"background-color":"var(--ast-global-color-5)","background-image":"","background-repeat":"repeat","background-position":"center center","background-size":"auto","background-attachment":"scroll","background-type":"","background-media":"","overlay-type":"","overlay-color":"","overlay-opacity":"","overlay-gradient":""}},"ngg_post_thumbnail":0,"footnotes":""},"class_list":["post-1046","page","type-page","status-publish","hentry"],"uagb_featured_image_src":{"full":false,"thumbnail":false,"medium":false,"medium_large":false,"large":false,"1536x1536":false,"2048x2048":false,"trp-custom-language-flag":false},"uagb_author_info":{"display_name":"Alexandre Nieto","author_link":"https:\/\/frenchmex.love\/es\/author\/alex\/"},"uagb_comment_info":0,"uagb_excerpt":"Comment s&rsquo;y rendre A\u00e9roport de Paris + Train A\u00e9roport \u2192 Bordeaux : Depuis Charles de Gaulle ou Orly, rejoignez la gare Montparnasse pour prendre un OUIGO vers Bordeaux (prix d\u00e8s 16 \u20ac, environ 2h).https:\/\/www.ouigo.com\/train-paris-bordeaux Bordeaux \u2192 Le Teich\/Bassin d&rsquo;Arcachon : Prenez un TER direct depuis la gare de Bordeaux Saint-Jean vers Arcachon (environ 1h, avec&hellip;","_links":{"self":[{"href":"https:\/\/frenchmex.love\/es\/wp-json\/wp\/v2\/pages\/1046","targetHints":{"allow":["GET"]}}],"collection":[{"href":"https:\/\/frenchmex.love\/es\/wp-json\/wp\/v2\/pages"}],"about":[{"href":"https:\/\/frenchmex.love\/es\/wp-json\/wp\/v2\/types\/page"}],"author":[{"embeddable":true,"href":"https:\/\/frenchmex.love\/es\/wp-json\/wp\/v2\/users\/2"}],"replies":[{"embeddable":true,"href":"https:\/\/frenchmex.love\/es\/wp-json\/wp\/v2\/comments?post=1046"}],"version-history":[{"count":1,"href":"https:\/\/frenchmex.love\/es\/wp-json\/wp\/v2\/pages\/1046\/revisions"}],"predecessor-version":[{"id":1047,"href":"https:\/\/frenchmex.love\/es\/wp-json\/wp\/v2\/pages\/1046\/revisions\/1047"}],"wp:attachment":[{"href":"https:\/\/frenchmex.love\/es\/wp-json\/wp\/v2\/media?parent=1046"}],"curies":[{"name":"wp","href":"https:\/\/api.w.org\/{rel}","templated":true}]}}